{"id":20,"date":"2021-01-23T09:49:32","date_gmt":"2021-01-23T09:49:32","guid":{"rendered":"http:\/\/www.kcbdf.com.br\/marcelo\/?p=20"},"modified":"2024-10-01T19:02:16","modified_gmt":"2024-10-01T19:02:16","slug":"servicos","status":"publish","type":"page","link":"https:\/\/www.kcbdf.com.br\/novo\/servicos\/","title":{"rendered":"Servi\u00e7os"},"content":{"rendered":"<p>[file-edit]<\/p>\n<h1>Servi\u00e7os<\/h1>\n<div>\n<p>Os formul\u00e1rios aqui apresentados s\u00e3o documentos oficiais da CBKC n\u00e3o podendo assim ser alterados.<\/p>\n<\/div>\n<div>\n<h3>Aviso:<\/h3>\n<div>\n<p><span>Informamos que os formul\u00e1rios dever\u00e3o ser entregues no Kennel Clube Bras\u00edlia.\u00a0<\/span><\/p>\n<\/div>\n<\/div>\n<p><img decoding=\"async\" src=\"\/marcelo\/wp-content\/uploads\/2024\/01\/filhotes.jpg\" alt=\"\"><\/p>\n<h1>Lista de formul\u00e1rios<\/h1>\n<div>\n<p>Baixe o formul\u00e1rio em PDF, preencha todas as informa\u00e7\u00f5es necess\u00e1rias, assine e envie por e-mail ou WhatsApp.<\/p>\n<\/div>\n<ul>\n<li>\n<div>Mapa de Registro de Ninhadas<\/div>\n<p><a href=\"https:\/\/cbkc.org\/application\/views\/docs\/forms\/forms-mapa_ninhadas.pdf\"><\/a><\/p>\n<\/li>\n<li>\n<div>Requerimento para registro de Afixo<\/div>\n<p><a href=\"https:\/\/cbkc.org\/application\/views\/docs\/forms\/forms-registro_afixo.pdf\"><\/a><\/p>\n<\/li>\n<li>\n<div>Comunica\u00e7\u00e3o de Acasalamento<\/div>\n<p><a href=\"https:\/\/cbkc.org\/application\/views\/docs\/forms\/forms-comunicado_acasalamento.pdf\"><\/a><\/p>\n<\/li>\n<li>\n<div>Contrato de Co-propriedade<\/div>\n<p><a href=\"https:\/\/cbkc.org\/application\/views\/docs\/forms\/forms-contrato_copropriedade.pdf\"><\/a><\/p>\n<\/li>\n<li>\n<div>Requerimento para Homologa\u00e7\u00e3o de T\u00edtulos<\/div>\n<p><a href=\"https:\/\/cbkc.org\/application\/views\/docs\/forms\/forms-homologacao_titulos.pdf\"><\/a><\/p>\n<\/li>\n<li>\n<div>Requerimento para Homologa\u00e7\u00e3o de T\u00edtulos de Trabalho\/Adestramento<\/div>\n<p><a href=\"https:\/\/cbkc.org\/application\/views\/docs\/forms\/forms-homologacao_titulos_trabalho_adestramento.pdf\"><\/a><\/p>\n<\/li>\n<li>\n<div>Requerimento para Homologa\u00e7\u00e3o de T\u00edtulos do Centen\u00e1rio<\/div>\n<p><a href=\"https:\/\/cbkc.org\/application\/views\/docs\/forms\/forms-titulos_centenario.pdf\"><\/a><\/p>\n<\/li>\n<li>\n<div>Formul\u00e1rio de Inscri\u00e7\u00e3o para exposi\u00e7\u00e3o de C\u00e3es de Ra\u00e7a<\/div>\n<p><a href=\"https:\/\/cbkc.org\/application\/views\/docs\/forms\/forms-inscricao_exposicao_caes.pdf\"><\/a><\/p>\n<\/li>\n<li>\n<div>Declara\u00e7\u00e3o do Criador<\/div>\n<p><a href=\"https:\/\/cbkc.org\/application\/views\/docs\/forms\/forms-declaracao_criador.pdf\"><\/a><\/p>\n<\/li>\n<li>\n<div>Declara\u00e7\u00e3o de Transfer\u00eancia de Propriedade de Filhotes em Registro<\/div>\n<p><a href=\"https:\/\/cbkc.org\/application\/views\/docs\/forms\/forms-declaracao_transferencia_filhotes_registro.pdf\"><\/a><\/p>\n<\/li>\n<li>\n<div>Solicita\u00e7\u00e3o de Segunda-via de Certificado de Registro de Canil<\/div>\n<p><a href=\"https:\/\/cbkc.org\/application\/views\/docs\/forms\/forms-certificado_registro_canil.pdf\"><\/a><\/p>\n<\/li>\n<li>\n<div>Solicita\u00e7\u00e3o de Transfer\u00eancia de Propriedade de Afixo<\/div>\n<p><a href=\"https:\/\/cbkc.org\/application\/views\/docs\/forms\/forms-transferencia_propriedade_afixo.pdf\"><\/a><\/p>\n<\/li>\n<li>\n<div>Solicita\u00e7\u00e3o de Segunda Via de Pedigree<\/div>\n<p><a href=\"https:\/\/cbkc.org\/application\/views\/docs\/forms\/forms-segundavia_pedigree.pdf\"><\/a><\/p>\n<\/li>\n<li>\n<div>Declara\u00e7\u00e3o de Propriedade para Registro Secund\u00e1rio<\/div>\n<p><a href=\"https:\/\/cbkc.org\/application\/views\/docs\/forms\/forms-declaracao_propriedade_secundaria.pdf\"><\/a><\/p>\n<\/li>\n<li>\n<div>Solicita\u00e7\u00e3o de Pedigree de 4\u00ba Grau<\/div>\n<p><a href=\"https:\/\/cbkc.org\/application\/views\/docs\/forms\/forms-pedigree_quarto_grau.pdf\"><\/a><\/p>\n<\/li>\n<\/ul>\n<h2>\u201cO nosso pedigre \u00e9 o \u00fanico com reconhecimento internacional no mundo todo.\u201d<\/h2>\n<div>Veja algumas vantagens que s\u00e3o exclusivas para os s\u00f3cios do KCB com anuidade em dia<\/div>\n<p>\n    <a href=\"http:\/\/www.kcbdf.com.br\/marcelo\/wp-content\/uploads\/2024\/09\/proposta-socio.pdf\">Seja S\u00f3cio<\/a>\n<\/p>\n<p><!--more--><br \/>\n<!-- {\"name\":\"Home\",\"type\":\"layout\",\"children\":[{\"name\":\"Hero\",\"type\":\"section\",\"props\":{\"image_position\":\"center-center\",\"padding\":\"none\",\"style\":\"default\",\"title_breakpoint\":\"xl\",\"title_position\":\"top-left\",\"title_rotation\":\"left\",\"vertical_align\":\"\",\"width\":\"large\",\"width_expand\":\"right\"},\"children\":[{\"type\":\"row\",\"children\":[{\"type\":\"column\",\"props\":{\"css\":\"@media (min-width: 960px) {\\n    .el-column .uk-tile { padding-left: 0; }   \\n}\",\"image_position\":\"center-center\",\"padding\":\"small\",\"position_sticky_breakpoint\":\"m\",\"style\":\"tile-default\",\"vertical_align\":\"middle\",\"width_medium\":\"1-3\"},\"children\":[{\"type\":\"icon\",\"props\":{\"icon\":\"file-edit\",\"icon_color\":\"primary\",\"icon_width\":60,\"margin\":\"default\"}},{\"type\":\"headline\",\"props\":{\"content\":\"Servi\\u00e7os\",\"margin_remove_top\":true,\"text_align\":\"left\",\"text_align_breakpoint\":\"m\",\"text_align_fallback\":\"center\",\"title_element\":\"h1\"}},{\"type\":\"text\",\"props\":{\"column_breakpoint\":\"m\",\"content\":\"\n\n<p>Os formul\\u00e1rios aqui apresentados s\\u00e3o documentos oficiais da CBKC n\\u00e3o podendo assim ser alterados.<\\\/p>\",\"margin\":\"default\",\"maxwidth\":\"medium\",\"maxwidth_breakpoint\":\"m\",\"text_align\":\"left\",\"text_align_breakpoint\":\"m\",\"text_align_fallback\":\"center\",\"text_style\":\"large\"}},{\"type\":\"alert\",\"props\":{\"content\":\"\n\n<p><span>Informamos que os formul\\u00e1rios dever\\u00e3o ser entregues no Kennel Clube Bras\\u00edlia.\\u00a0<\\\/span><\\\/p>\",\"title\":\"Aviso:\",\"title_element\":\"h3\"}}]},{\"type\":\"column\",\"props\":{\"image_position\":\"center-center\",\"position_sticky_breakpoint\":\"m\",\"width_medium\":\"2-3\"},\"children\":[{\"type\":\"image\",\"props\":{\"container_padding_remove\":true,\"css\":\"@media (max-width: 959px) {\\n    \\n    .el-element.uk-container-item-padding-remove-right {\\n        width: 100%;\\n        margin-right: 0;\\n    }\\n    \\n}\",\"image\":\"wp-content\\\/uploads\\\/2024\\\/01\\\/filhotes.jpg\",\"image_svg_color\":\"emphasis\",\"image_width\":\"1320\",\"margin\":\"default\",\"position\":\"relative\",\"position_z_index\":\"1\",\"text_align\":\"right\"}}]}],\"props\":{\"column_gap\":\"collapse\",\"layout\":\"1-3,2-3\",\"row_gap\":\"collapse\"}}]},{\"name\":\"Services\",\"type\":\"section\",\"props\":{\"animation\":\"slide-top-small\",\"header_overlay\":\"light\",\"height_viewport\":false,\"image_effect\":\"parallax\",\"image_parallax_easing\":\"1\",\"image_position\":\"bottom-left\",\"padding\":\"large\",\"padding_remove_top\":false,\"style\":\"default\",\"title_breakpoint\":\"xl\",\"title_position\":\"top-left\",\"title_rotation\":\"left\",\"vertical_align\":\"\",\"width\":\"expand\"},\"children\":[{\"type\":\"row\",\"children\":[{\"type\":\"column\",\"props\":{\"image_position\":\"center-center\",\"position_sticky_breakpoint\":\"m\"},\"children\":[{\"type\":\"headline\",\"props\":{\"content\":\"Lista de formul\\u00e1rios\",\"title_element\":\"h1\"}},{\"type\":\"text\",\"props\":{\"column_breakpoint\":\"m\",\"content\":\"\n\n<p>Baixe o formul\\u00e1rio em PDF, preencha todas as informa\\u00e7\\u00f5es necess\\u00e1rias, assine e envie por e-mail ou WhatsApp.<\\\/p>\",\"margin\":\"default\"}}]}],\"props\":{\"width\":\"large\"}},{\"type\":\"row\",\"props\":{\"width\":\"large\"},\"children\":[{\"type\":\"column\",\"props\":{\"image_position\":\"center-center\",\"position_sticky_breakpoint\":\"m\"},\"children\":[{\"type\":\"grid\",\"props\":{\"content_column_breakpoint\":\"m\",\"filter\":false,\"filter_align\":\"left\",\"filter_all\":true,\"filter_grid_breakpoint\":\"m\",\"filter_grid_width\":\"auto\",\"filter_position\":\"top\",\"filter_style\":\"tab\",\"grid_column_align\":false,\"grid_column_gap\":\"small\",\"grid_default\":\"1\",\"grid_divider\":true,\"grid_medium\":\"2\",\"grid_row_align\":false,\"grid_row_gap\":\"small\",\"icon_width\":\"30\",\"image_align\":\"left\",\"image_grid_breakpoint\":\"m\",\"image_grid_column_gap\":\"small\",\"image_grid_width\":\"auto\",\"image_link\":true,\"image_svg_color\":\"emphasis\",\"image_transition\":\"scale-up\",\"item_animation\":true,\"link_style\":\"default\",\"link_target\":true,\"link_text\":\"\",\"margin\":\"default\",\"meta_align\":\"below-title\",\"meta_element\":\"div\",\"meta_style\":\"text-meta\",\"panel_image_no_padding\":false,\"panel_link\":true,\"panel_padding\":\"small\",\"panel_style\":\"card-default\",\"show_content\":true,\"show_image\":true,\"show_link\":true,\"show_meta\":true,\"show_title\":true,\"title_align\":\"left\",\"title_element\":\"div\",\"title_grid_breakpoint\":\"m\",\"title_grid_width\":\"expand\",\"title_hover_style\":\"heading\",\"title_link\":true,\"title_style\":\"text-large\"},\"children\":[{\"type\":\"grid_item\",\"props\":{\"icon\":\"file-pdf\",\"link\":\"https:\\\/\\\/cbkc.org\\\/application\\\/views\\\/docs\\\/forms\\\/forms-mapa_ninhadas.pdf\",\"title\":\"Mapa de Registro de Ninhadas\"}},{\"type\":\"grid_item\",\"props\":{\"icon\":\"file-pdf\",\"link\":\"https:\\\/\\\/cbkc.org\\\/application\\\/views\\\/docs\\\/forms\\\/forms-registro_afixo.pdf\",\"title\":\"Requerimento para registro de Afixo\"}},{\"type\":\"grid_item\",\"props\":{\"icon\":\"file-pdf\",\"link\":\"https:\\\/\\\/cbkc.org\\\/application\\\/views\\\/docs\\\/forms\\\/forms-comunicado_acasalamento.pdf\",\"title\":\"Comunica\\u00e7\\u00e3o de Acasalamento\"}},{\"type\":\"grid_item\",\"props\":{\"icon\":\"file-pdf\",\"link\":\"https:\\\/\\\/cbkc.org\\\/application\\\/views\\\/docs\\\/forms\\\/forms-contrato_copropriedade.pdf\",\"title\":\"Contrato de Co-propriedade\"}},{\"type\":\"grid_item\",\"props\":{\"icon\":\"file-pdf\",\"link\":\"https:\\\/\\\/cbkc.org\\\/application\\\/views\\\/docs\\\/forms\\\/forms-homologacao_titulos.pdf\",\"title\":\"Requerimento para Homologa\\u00e7\\u00e3o de T\\u00edtulos\"}},{\"type\":\"grid_item\",\"props\":{\"icon\":\"file-pdf\",\"link\":\"https:\\\/\\\/cbkc.org\\\/application\\\/views\\\/docs\\\/forms\\\/forms-homologacao_titulos_trabalho_adestramento.pdf\",\"title\":\"Requerimento para Homologa\\u00e7\\u00e3o de T\\u00edtulos de Trabalho\\\/Adestramento\"}},{\"type\":\"grid_item\",\"props\":{\"icon\":\"file-pdf\",\"link\":\"https:\\\/\\\/cbkc.org\\\/application\\\/views\\\/docs\\\/forms\\\/forms-titulos_centenario.pdf\",\"title\":\"Requerimento para Homologa\\u00e7\\u00e3o de T\\u00edtulos do Centen\\u00e1rio\"}},{\"type\":\"grid_item\",\"props\":{\"icon\":\"file-pdf\",\"link\":\"https:\\\/\\\/cbkc.org\\\/application\\\/views\\\/docs\\\/forms\\\/forms-inscricao_exposicao_caes.pdf\",\"title\":\"Formul\\u00e1rio de Inscri\\u00e7\\u00e3o para exposi\\u00e7\\u00e3o de C\\u00e3es de Ra\\u00e7a\"}},{\"type\":\"grid_item\",\"props\":{\"icon\":\"file-pdf\",\"link\":\"https:\\\/\\\/cbkc.org\\\/application\\\/views\\\/docs\\\/forms\\\/forms-declaracao_criador.pdf\",\"title\":\"Declara\\u00e7\\u00e3o do Criador\"}},{\"type\":\"grid_item\",\"props\":{\"icon\":\"file-pdf\",\"link\":\"https:\\\/\\\/cbkc.org\\\/application\\\/views\\\/docs\\\/forms\\\/forms-declaracao_transferencia_filhotes_registro.pdf\",\"title\":\"Declara\\u00e7\\u00e3o de Transfer\\u00eancia de Propriedade de Filhotes em Registro\"}},{\"type\":\"grid_item\",\"props\":{\"icon\":\"file-pdf\",\"link\":\"https:\\\/\\\/cbkc.org\\\/application\\\/views\\\/docs\\\/forms\\\/forms-certificado_registro_canil.pdf\",\"title\":\"Solicita\\u00e7\\u00e3o de Segunda-via de Certificado de Registro de Canil\"}},{\"type\":\"grid_item\",\"props\":{\"icon\":\"file-pdf\",\"link\":\"https:\\\/\\\/cbkc.org\\\/application\\\/views\\\/docs\\\/forms\\\/forms-transferencia_propriedade_afixo.pdf\",\"title\":\"Solicita\\u00e7\\u00e3o de Transfer\\u00eancia de Propriedade de Afixo\"}},{\"type\":\"grid_item\",\"props\":{\"icon\":\"file-pdf\",\"link\":\"https:\\\/\\\/cbkc.org\\\/application\\\/views\\\/docs\\\/forms\\\/forms-segundavia_pedigree.pdf\",\"title\":\"Solicita\\u00e7\\u00e3o de Segunda Via de Pedigree\"}},{\"type\":\"grid_item\",\"props\":{\"icon\":\"file-pdf\",\"link\":\"https:\\\/\\\/cbkc.org\\\/application\\\/views\\\/docs\\\/forms\\\/forms-declaracao_propriedade_secundaria.pdf\",\"title\":\"Declara\\u00e7\\u00e3o de Propriedade para Registro Secund\\u00e1rio\"}},{\"type\":\"grid_item\",\"props\":{\"icon\":\"file-pdf\",\"link\":\"https:\\\/\\\/cbkc.org\\\/application\\\/views\\\/docs\\\/forms\\\/forms-pedigree_quarto_grau.pdf\",\"title\":\"Solicita\\u00e7\\u00e3o de Pedigree de 4\\u00ba Grau\"}}]}]}]}]},{\"type\":\"section\",\"props\":{\"image_position\":\"center-center\",\"padding\":\"xlarge\",\"padding_remove_top\":true,\"status\":\"disabled\",\"style\":\"default\",\"title_breakpoint\":\"xl\",\"title_position\":\"top-left\",\"title_rotation\":\"left\",\"vertical_align\":\"\",\"width\":\"\"},\"children\":[{\"type\":\"row\",\"props\":{\"column_gap\":\"large\",\"layout\":\"1-3,2-3\",\"row_gap\":\"large\",\"width\":\"large\"},\"children\":[{\"type\":\"column\",\"props\":{\"image_position\":\"center-center\",\"position_sticky_breakpoint\":\"m\",\"width_medium\":\"1-3\"},\"children\":[{\"type\":\"headline\",\"props\":{\"content\":\"Frequently Asked Questions\",\"text_align\":\"left\",\"text_align_breakpoint\":\"s\",\"text_align_fallback\":\"center\",\"title_color\":\"primary\",\"title_element\":\"div\",\"title_style\":\"h6\"}},{\"type\":\"headline\",\"props\":{\"content\":\"You have a question? We have an answer.\",\"margin\":\"remove-vertical\",\"text_align\":\"left\",\"text_align_breakpoint\":\"s\",\"text_align_fallback\":\"center\",\"title_element\":\"h2\"}}]},{\"type\":\"column\",\"props\":{\"image_position\":\"center-center\",\"position_sticky_breakpoint\":\"m\",\"width_medium\":\"2-3\"},\"children\":[{\"type\":\"accordion\",\"props\":{\"collapsible\":true,\"content_column_breakpoint\":\"m\",\"image_align\":\"top\",\"image_grid_breakpoint\":\"m\",\"image_grid_width\":\"1-2\",\"image_svg_color\":\"emphasis\",\"link_style\":\"default\",\"link_text\":\"Read more\",\"multiple\":true,\"position\":\"relative\",\"position_z_index\":\"1\",\"show_image\":true,\"show_link\":true},\"children\":[{\"type\":\"accordion_item\",\"props\":{\"content\":\"Lorem ipsum dolor sit amet, consectetur adipiscing elit, sed do eiusmod tempor incididunt ut labore et dolore magna aliqua. Ut enim ad minim veniam, quis nostrud exercitation ullamco laboris nisi ut aliquip ex ea commodo consequat. Duis aute irure dolor in reprehenderit in voluptate velit esse cillum dolore eu fugiat nulla pariatur. Excepteur sint occaecat cupidatat non proident, sunt in culpa qui officia deserunt mollit anim id est laborum.\\n\",\"title\":\"Why would I need an implant?\"}},{\"type\":\"accordion_item\",\"props\":{\"content\":\"Ut enim ad minim veniam, quis nostrud exercitation ullamco laboris nisi ut aliquip ex ea commodo consequat. Duis aute irure dolor in reprehenderit in voluptate velit esse cillum dolore eu fugiat nulla pariatur. Excepteur sint occaecat cupidatat non proident, sunt in culpa qui officia deserunt mollit anim id est laborum.\\n\",\"title\":\"What are the risks? I don\\u2019t want my teeth to fall out.\"}},{\"type\":\"accordion_item\",\"props\":{\"content\":\"Excepteur sint occaecat cupidatat non proident, sunt in culpa qui officia deserunt mollit anim id est laborum. Lorem ipsum dolor sit amet, consectetur adipiscing elit, sed do eiusmod tempor incididunt ut labore et dolore magna aliqua. Ut enim ad minim veniam, quis nostrud exercitation ullamco laboris nisi ut aliquip ex ea commodo consequat.\",\"title\":\"Where will the procedure be made?\"}},{\"type\":\"accordion_item\",\"props\":{\"content\":\"Duis aute irure dolor in reprehenderit in voluptate velit esse cillum dolore eu fugiat nulla pariatur. Excepteur sint occaecat cupidatat non proident, sunt in culpa qui officia deserunt mollit anim id est.\\n\",\"title\":\"Will my insurance cover the procedure?\"}},{\"type\":\"accordion_item\",\"props\":{\"content\":\"Ut enim ad minim veniam, quis nostrud exercitation ullamco laboris nisi ut aliquip ex ea commodo consequat. Duis aute irure dolor in reprehenderit in voluptate velit esse cillum dolore eu fugiat nulla pariatur. Excepteur sint occaecat cupidatat non proident.\",\"title\":\"What kind of insurance do you take?\"}}]}]}]},{\"type\":\"row\",\"props\":{\"margin\":\"remove-vertical\",\"width\":\"default\"},\"children\":[{\"type\":\"column\",\"props\":{\"image_position\":\"center-center\",\"position_sticky_breakpoint\":\"m\"},\"children\":[{\"type\":\"image\",\"props\":{\"css\":\".el-image {max-width: 17vw;}\",\"image\":\"wp-content\\\/uploads\\\/yootheme\\\/services-implant-dentistry-shape-03.svg\",\"image_height\":\"316\",\"image_svg_color\":\"\",\"image_svg_inline\":false,\"image_width\":\"250\",\"margin\":\"default\",\"position\":\"absolute\",\"position_top\":\"-140\",\"visibility\":\"m\"}}]}]}],\"name\":\"FAQ\",\"modified\":\"2021-07-29T14:17:32.962Z\"},{\"type\":\"section\",\"props\":{\"image\":\"wp-content\\\/uploads\\\/2024\\\/09\\\/seja-socio.jpg\",\"image_position\":\"center-center\",\"image_size\":\"cover\",\"image_width\":\"2560\",\"media_overlay\":\"rgba(0, 0, 0, 0.26)\",\"padding\":\"large\",\"style\":\"default\",\"text_color\":\"light\",\"title_breakpoint\":\"xl\",\"title_position\":\"top-left\",\"title_rotation\":\"left\",\"vertical_align\":\"\",\"width\":\"expand\"},\"children\":[{\"type\":\"row\",\"children\":[{\"type\":\"column\",\"props\":{\"image_position\":\"center-center\",\"position_sticky_breakpoint\":\"m\"},\"children\":[{\"type\":\"headline\",\"props\":{\"content\":\"\\u201cO nosso pedigre \\u00e9 o \\u00fanico com reconhecimento internacional no mundo todo.\\u201d\",\"maxwidth\":\"xlarge\",\"position\":\"relative\",\"position_z_index\":\"1\",\"text_align\":\"left\",\"text_align_breakpoint\":\"s\",\"text_align_fallback\":\"center\",\"title_element\":\"h2\",\"title_style\":\"h1\"}},{\"type\":\"text\",\"props\":{\"column_breakpoint\":\"m\",\"content\":\"Veja algumas vantagens que s\\u00e3o exclusivas para os s\\u00f3cios do KCB com anuidade em dia\",\"margin\":\"default\",\"maxwidth\":\"xlarge\",\"position\":\"relative\",\"position_z_index\":\"1\",\"text_align\":\"left\",\"text_align_breakpoint\":\"s\",\"text_align_fallback\":\"center\",\"text_color\":\"emphasis\",\"text_style\":\"lead\"}},{\"type\":\"button\",\"props\":{\"button_size\":\"large\",\"grid_column_gap\":\"small\",\"grid_row_gap\":\"small\",\"margin\":\"medium\",\"position\":\"relative\",\"position_z_index\":\"1\",\"text_align\":\"left\",\"text_align_breakpoint\":\"s\",\"text_align_fallback\":\"center\"},\"children\":[{\"type\":\"button_item\",\"props\":{\"button_style\":\"default\",\"content\":\"Seja S\\u00f3cio\",\"icon_align\":\"left\",\"link\":\"http:\\\/\\\/www.kcbdf.com.br\\\/marcelo\\\/wp-content\\\/uploads\\\/2024\\\/09\\\/proposta-socio.pdf\",\"link_target\":\"blank\"}}]}]}],\"props\":{\"width\":\"large\"}}],\"name\":\"Call to Action\"}],\"version\":\"4.4.5\"} --><\/p>\n","protected":false},"excerpt":{"rendered":"<p>[file-edit] Servi\u00e7os Os formul\u00e1rios aqui apresentados s\u00e3o documentos oficiais da CBKC n\u00e3o podendo assim ser alterados. Aviso: Informamos que os formul\u00e1rios dever\u00e3o ser entregues no Kennel Clube Bras\u00edlia.\u00a0 Lista de formul\u00e1rios Baixe o formul\u00e1rio em PDF, preencha todas as informa\u00e7\u00f5es necess\u00e1rias, assine e envie por e-mail ou WhatsApp. Mapa de Registro de Ninhadas Requerimento para [&hellip;]<\/p>\n","protected":false},"author":1,"featured_media":0,"parent":0,"menu_order":3,"comment_status":"open","ping_status":"closed","template":"","meta":{"_acf_changed":false,"footnotes":""},"class_list":["post-20","page","type-page","status-publish","hentry"],"acf":[],"_links":{"self":[{"href":"https:\/\/www.kcbdf.com.br\/novo\/wp-json\/wp\/v2\/pages\/20","targetHints":{"allow":["GET"]}}],"collection":[{"href":"https:\/\/www.kcbdf.com.br\/novo\/wp-json\/wp\/v2\/pages"}],"about":[{"href":"https:\/\/www.kcbdf.com.br\/novo\/wp-json\/wp\/v2\/types\/page"}],"author":[{"embeddable":true,"href":"https:\/\/www.kcbdf.com.br\/novo\/wp-json\/wp\/v2\/users\/1"}],"replies":[{"embeddable":true,"href":"https:\/\/www.kcbdf.com.br\/novo\/wp-json\/wp\/v2\/comments?post=20"}],"version-history":[{"count":10,"href":"https:\/\/www.kcbdf.com.br\/novo\/wp-json\/wp\/v2\/pages\/20\/revisions"}],"predecessor-version":[{"id":3096,"href":"https:\/\/www.kcbdf.com.br\/novo\/wp-json\/wp\/v2\/pages\/20\/revisions\/3096"}],"wp:attachment":[{"href":"https:\/\/www.kcbdf.com.br\/novo\/wp-json\/wp\/v2\/media?parent=20"}],"curies":[{"name":"wp","href":"https:\/\/api.w.org\/{rel}","templated":true}]}}