{"id":21,"date":"2020-01-23T09:49:53","date_gmt":"2020-01-23T09:49:53","guid":{"rendered":"http:\/\/www.kcbdf.com.br\/marcelo\/?p=21"},"modified":"2024-10-01T18:25:49","modified_gmt":"2024-10-01T18:25:49","slug":"beneficio-socio","status":"publish","type":"page","link":"https:\/\/www.kcbdf.com.br\/novo\/beneficio-socio\/","title":{"rendered":"Beneficio S\u00f3cio"},"content":{"rendered":"<div>benef\u00edcios s\u00f3cio<\/div>\n<h1>Veja algumas vantagens que s\u00e3o exclusivas para os s\u00f3cios do KCB com anuidade em dia:<\/h1>\n<ul>\n<li>\n<p><img decoding=\"async\" src=\"\/marcelo\/wp-content\/uploads\/2024\/08\/canstock25277346.jpg\" alt=\"\"><\/p>\n<h3>50% de desconto<\/h3>\n<div>\n<h4 style=\"text-align: center;\">Descontos de 50% na maioria dos servi\u00e7os realizados no cart\u00f3rio do Kennel Clube de Bras\u00edlia &#8211; KCB.<\/h4>\n<\/div>\n<\/li>\n<li>\n<p><img decoding=\"async\" src=\"\/marcelo\/wp-content\/uploads\/2024\/08\/iconePortalServicos.jpg\" alt=\"\"><\/p>\n<h3>Portal de Servi\u00e7os<\/h3>\n<div>\n<h4>Comodidade de realizar e pagar todos os servi\u00e7os realizados no cart\u00f3rio do KCB, no conforto de casa e no hor\u00e1rio que quiser.<\/h4>\n<\/div>\n<\/li>\n<li>\n<p><img decoding=\"async\" src=\"\/marcelo\/wp-content\/uploads\/2024\/08\/latam-cargo.jpg\" alt=\"\"><\/p>\n<h3>Latam Cargo<\/h3>\n<div>\n<h4>Desconto de 25% para embarques de c\u00e3es de propriedade de associados do KCB em territ\u00f3rio nacional.<\/h4>\n<\/div>\n<\/li>\n<li>\n<p><img decoding=\"async\" src=\"\/marcelo\/wp-content\/uploads\/2024\/08\/Gollog.jpg\" alt=\"\"><\/p>\n<h3>Gollog<\/h3>\n<div>\n<h4>Desconto de 25% para embarques de c\u00e3es de propriedade de associados do KCB em territ\u00f3rio nacional.<\/h4>\n<\/div>\n<\/li>\n<\/ul>\n<h2>\u201cO nosso pedigre \u00e9 o \u00fanico com reconhecimento internacional no mundo todo.\u201d<\/h2>\n<div>Veja algumas vantagens que s\u00e3o exclusivas para os s\u00f3cios do KCB com anuidade em dia<\/div>\n<p>\n    <a href=\"\/marcelo\/wp-content\/uploads\/2024\/09\/proposta-socio.pdf\">Seja S\u00f3cio<\/a>\n<\/p>\n<p><!--more--><br \/>\n<!-- {\"type\":\"layout\",\"children\":[{\"name\":\"Hero\",\"type\":\"section\",\"props\":{\"image_position\":\"center-center\",\"padding\":\"large\",\"padding_remove_bottom\":true,\"style\":\"default\",\"title_breakpoint\":\"xl\",\"title_position\":\"top-left\",\"title_rotation\":\"left\",\"vertical_align\":\"\",\"width\":\"\"},\"children\":[{\"type\":\"row\",\"children\":[{\"type\":\"column\",\"props\":{\"image_position\":\"center-center\",\"position_sticky_breakpoint\":\"m\"},\"children\":[{\"type\":\"headline\",\"props\":{\"content\":\"benef\\u00edcios s\\u00f3cio\",\"text_align\":\"center\",\"title_color\":\"primary\",\"title_element\":\"div\",\"title_style\":\"h6\"}},{\"type\":\"headline\",\"props\":{\"content\":\"Veja algumas vantagens que s\\u00e3o exclusivas para os s\\u00f3cios do KCB com anuidade em dia:\",\"margin\":\"remove-vertical\",\"text_align\":\"center\",\"title_element\":\"h1\"}}]}],\"props\":{\"width\":\"default\"}}]},{\"type\":\"section\",\"props\":{\"image_position\":\"center-center\",\"padding\":\"large\",\"padding_remove_bottom\":false,\"padding_remove_top\":false,\"style\":\"default\",\"title_breakpoint\":\"xl\",\"title_position\":\"top-left\",\"title_rotation\":\"left\",\"vertical_align\":\"\",\"width\":\"expand\"},\"children\":[{\"type\":\"row\",\"children\":[{\"type\":\"column\",\"props\":{\"image_position\":\"center-center\",\"position_sticky_breakpoint\":\"m\"},\"children\":[{\"type\":\"grid\",\"props\":{\"content_column_breakpoint\":\"m\",\"filter_align\":\"left\",\"filter_all\":true,\"filter_grid_breakpoint\":\"m\",\"filter_grid_width\":\"auto\",\"filter_position\":\"top\",\"filter_style\":\"tab\",\"grid_column_gap\":\"large\",\"grid_default\":\"1\",\"grid_medium\":\"4\",\"grid_row_gap\":\"large\",\"grid_small\":\"2\",\"icon_width\":80,\"image_align\":\"top\",\"image_grid_breakpoint\":\"m\",\"image_grid_width\":\"1-2\",\"image_height\":\"100\",\"image_svg_color\":\"emphasis\",\"image_vertical_align\":false,\"item_animation\":true,\"link_style\":\"default\",\"link_text\":\"Read more\",\"margin\":\"large\",\"meta_align\":\"above-title\",\"meta_color\":\"primary\",\"meta_element\":\"div\",\"meta_style\":\"h6\",\"parallax_easing\":\"1\",\"show_content\":true,\"show_image\":true,\"show_link\":true,\"show_meta\":true,\"show_title\":false,\"text_align\":\"center\",\"text_align_breakpoint\":\"s\",\"text_align_fallback\":\"center\",\"title_align\":\"top\",\"title_element\":\"h3\",\"title_grid_breakpoint\":\"m\",\"title_grid_width\":\"1-2\",\"title_hover_style\":\"reset\",\"title_margin\":\"small\",\"title_style\":\"h4\"},\"children\":[{\"type\":\"grid_item\",\"props\":{\"content\":\"\n\n<h4 style=\\\"text-align: center;\\\">Descontos de 50% na maioria dos servi\\u00e7os realizados no cart\\u00f3rio do Kennel Clube de Bras\\u00edlia - KCB.<\\\/h4>\",\"image\":\"wp-content\\\/uploads\\\/2024\\\/08\\\/canstock25277346.jpg\",\"meta\":\"\",\"title\":\"50% de desconto\"}},{\"type\":\"grid_item\",\"props\":{\"content\":\"\n\n<h4>Comodidade de realizar e pagar todos os servi\\u00e7os realizados no cart\\u00f3rio do KCB, no conforto de casa e no hor\\u00e1rio que quiser.<\\\/h4>\",\"image\":\"wp-content\\\/uploads\\\/2024\\\/08\\\/iconePortalServicos.jpg\",\"meta\":\"\",\"title\":\"Portal de Servi\\u00e7os\"}},{\"type\":\"grid_item\",\"props\":{\"content\":\"\n\n<h4>Desconto de 25% para embarques de c\\u00e3es de propriedade de associados do KCB em territ\\u00f3rio nacional.<\\\/h4>\",\"image\":\"wp-content\\\/uploads\\\/2024\\\/08\\\/latam-cargo.jpg\",\"meta\":\"\",\"title\":\"Latam Cargo\"}},{\"type\":\"grid_item\",\"props\":{\"content\":\"\n\n<h4>Desconto de 25% para embarques de c\\u00e3es de propriedade de associados do KCB em territ\\u00f3rio nacional.<\\\/h4>\",\"image\":\"wp-content\\\/uploads\\\/2024\\\/08\\\/Gollog.jpg\",\"meta\":\"\",\"title\":\"Gollog\"}}]}]}],\"props\":{\"width\":\"default\"}}],\"name\":\"Procedure\"},{\"type\":\"section\",\"props\":{\"image\":\"wp-content\\\/uploads\\\/2024\\\/09\\\/seja-socio.jpg\",\"image_position\":\"center-center\",\"image_size\":\"cover\",\"image_width\":\"2560\",\"media_overlay\":\"rgba(0, 0, 0, 0.26)\",\"padding\":\"large\",\"style\":\"default\",\"text_color\":\"light\",\"title_breakpoint\":\"xl\",\"title_position\":\"top-left\",\"title_rotation\":\"left\",\"vertical_align\":\"\",\"width\":\"expand\"},\"children\":[{\"type\":\"row\",\"children\":[{\"type\":\"column\",\"props\":{\"image_position\":\"center-center\",\"position_sticky_breakpoint\":\"m\"},\"children\":[{\"type\":\"headline\",\"props\":{\"content\":\"\\u201cO nosso pedigre \\u00e9 o \\u00fanico com reconhecimento internacional no mundo todo.\\u201d\",\"maxwidth\":\"xlarge\",\"position\":\"relative\",\"position_z_index\":\"1\",\"text_align\":\"left\",\"text_align_breakpoint\":\"s\",\"text_align_fallback\":\"center\",\"title_element\":\"h2\",\"title_style\":\"h1\"}},{\"type\":\"text\",\"props\":{\"column_breakpoint\":\"m\",\"content\":\"Veja algumas vantagens que s\\u00e3o exclusivas para os s\\u00f3cios do KCB com anuidade em dia\",\"margin\":\"default\",\"maxwidth\":\"xlarge\",\"position\":\"relative\",\"position_z_index\":\"1\",\"text_align\":\"left\",\"text_align_breakpoint\":\"s\",\"text_align_fallback\":\"center\",\"text_color\":\"emphasis\",\"text_style\":\"lead\"}},{\"type\":\"button\",\"props\":{\"button_size\":\"large\",\"grid_column_gap\":\"small\",\"grid_row_gap\":\"small\",\"margin\":\"medium\",\"position\":\"relative\",\"position_z_index\":\"1\",\"text_align\":\"left\",\"text_align_breakpoint\":\"s\",\"text_align_fallback\":\"center\"},\"children\":[{\"type\":\"button_item\",\"props\":{\"button_style\":\"default\",\"content\":\"Seja S\\u00f3cio\",\"icon_align\":\"left\",\"link\":\"wp-content\\\/uploads\\\/2024\\\/09\\\/proposta-socio.pdf\"}}]}]}],\"props\":{\"width\":\"large\"}}],\"name\":\"Call to Action\"}],\"version\":\"4.4.5\"} --><\/p>\n","protected":false},"excerpt":{"rendered":"<p>benef\u00edcios s\u00f3cio Veja algumas vantagens que s\u00e3o exclusivas para os s\u00f3cios do KCB com anuidade em dia: 50% de desconto Descontos de 50% na maioria dos servi\u00e7os realizados no cart\u00f3rio do Kennel Clube de Bras\u00edlia &#8211; KCB. Portal de Servi\u00e7os Comodidade de realizar e pagar todos os servi\u00e7os realizados no cart\u00f3rio do KCB, no conforto [&hellip;]<\/p>\n","protected":false},"author":1,"featured_media":2095,"parent":0,"menu_order":2,"comment_status":"open","ping_status":"closed","template":"","meta":{"_acf_changed":false,"footnotes":""},"class_list":["post-21","page","type-page","status-publish","has-post-thumbnail","hentry"],"acf":[],"_links":{"self":[{"href":"https:\/\/www.kcbdf.com.br\/novo\/wp-json\/wp\/v2\/pages\/21","targetHints":{"allow":["GET"]}}],"collection":[{"href":"https:\/\/www.kcbdf.com.br\/novo\/wp-json\/wp\/v2\/pages"}],"about":[{"href":"https:\/\/www.kcbdf.com.br\/novo\/wp-json\/wp\/v2\/types\/page"}],"author":[{"embeddable":true,"href":"https:\/\/www.kcbdf.com.br\/novo\/wp-json\/wp\/v2\/users\/1"}],"replies":[{"embeddable":true,"href":"https:\/\/www.kcbdf.com.br\/novo\/wp-json\/wp\/v2\/comments?post=21"}],"version-history":[{"count":7,"href":"https:\/\/www.kcbdf.com.br\/novo\/wp-json\/wp\/v2\/pages\/21\/revisions"}],"predecessor-version":[{"id":3093,"href":"https:\/\/www.kcbdf.com.br\/novo\/wp-json\/wp\/v2\/pages\/21\/revisions\/3093"}],"wp:featuredmedia":[{"embeddable":true,"href":"https:\/\/www.kcbdf.com.br\/novo\/wp-json\/wp\/v2\/media\/2095"}],"wp:attachment":[{"href":"https:\/\/www.kcbdf.com.br\/novo\/wp-json\/wp\/v2\/media?parent=21"}],"curies":[{"name":"wp","href":"https:\/\/api.w.org\/{rel}","templated":true}]}}