{"id":22,"date":"2021-01-19T09:50:09","date_gmt":"2021-01-19T09:50:09","guid":{"rendered":"http:\/\/www.kcbdf.com.br\/marcelo\/?p=22"},"modified":"2025-12-01T12:06:52","modified_gmt":"2025-12-01T12:06:52","slug":"contribuicoes","status":"publish","type":"page","link":"https:\/\/www.kcbdf.com.br\/novo\/contribuicoes\/","title":{"rendered":"Contribui\u00e7\u00f5es"},"content":{"rendered":"<h1>Contribui\u00e7\u00f5es<\/h1>\n<h3>O Kennel Club de Bras\u00edlia \u00e9 a entidade localizada no Distrito Federal respons\u00e1vel pelo registro de c\u00e3es de ra\u00e7a pura. O Clube disponibiliza aos seus associados e aos demais interessados as contribui\u00e7\u00f5es abaixo descritas:<\/h3>\n<ul>\n<li>\n<h3>Registro de Canil<\/h3>\n<div>O registro de canil \u00e9 a marca do criador, que vir\u00e1 junto ao nome dos filhotes. Para fazer a abertura do canil, o propriet\u00e1rio da f\u00eamea dever\u00e1 preencher o formul\u00e1rio apropriado com cinco nomes de sua escolha e por ordem de prefer\u00eancia e assinalar se deseja utilizar esta marca como prefixo (nome escolhido mais nome do filhote) ou sufixo (nome do filhote mais nome escolhido \u2013 forma mais tradicional). O afixo (registro de canil) paga-se uma \u00fanica vez. Por\u00e9m, existe uma taxa de manuten\u00e7\u00e3o deste afixo, denominada Anuidade de Canil, que, deixando de ser paga por cinco anos consecutivos, o interessado perder\u00e1 o direito de uso do nome registrado.<\/div>\n<\/li>\n<li>\n<h3>Registro de Ninhada \/ Pedigree<\/h3>\n<div>\n<p>Deve ser feito pelo propriet\u00e1rio da f\u00eamea entre 25 at\u00e9 90 dias contados a partir da data do nascimento dos filhotes. Para isso, deve ser preenchido o \u201cMapa de Ninhada\u201d, que conter\u00e1 dados como: ra\u00e7a; criador; nome do canil registrado, se j\u00e1 estiver com o nome homologado; data de nascimento dos filhotes; os nomes de cada filhote, assim como o sexo e a cor (de acordo com os padr\u00f5es oficiais); nome do pai e seu n\u00famero de registro, al\u00e9m do nome, endere\u00e7o e assinatura do seu atual propriet\u00e1rio; os mesmos dados referentes \u00e0 m\u00e3e da ninhada. Para dar entrada neste processo, \u00e9 necess\u00e1rio fazer o comunicado de acasalamento e nascimento.<\/p>\n<p>A ninhada deve ser registrada, em sua totalidade, em at\u00e9 90 dias a contar da data do nascimento dos filhotes. Caso seja ultrapassado este prazo, ser\u00e1 cobrada uma multa at\u00e9 o prazo de 180 dias, ap\u00f3s este prazo o processo dever\u00e1 ser acompanhado de uma carta esclarecedora do motivo do atraso do registro<\/p>\n<\/div>\n<p><a href=\"#\"><span uk-icon=\"icon: arrow-right; ratio: 1.4\"><\/span><\/a><\/p>\n<\/li>\n<li>\n<h3>Transfer\u00eancia de propriedade<\/h3>\n<div>\n<p><span>Para se processar a transfer\u00eancia de propriedade de um c\u00e3o, o interessado dever\u00e1 enviar o original do Certificado de Registro do animal ao KCB, acompanhado de sua respectiva taxa e devidamente assinado pelo criador ou propriet\u00e1rio anterior, se for o caso, com todos os dados do atual propriet\u00e1rio, que tamb\u00e9m deve assinar o certificado de registro no espa\u00e7o especificado como \u201cDe Acordo ou Comprador\u201d . Caso o documento perten\u00e7a a outro sistema que n\u00e3o o da Confedera\u00e7\u00e3o Brasileira de Cinofilia, o interessado pagar\u00e1 uma taxa espec\u00edfica e poder\u00e1 receber um registro secund\u00e1rio.<\/span><\/p>\n<\/div>\n<p><a href=\"#\"><span uk-icon=\"icon: arrow-right; ratio: 1.4\"><\/span><\/a><\/p>\n<\/li>\n<li>\n<h3>Segunda via de certificado de registro ou de Pedigree<\/h3>\n<div>\n<p><span>O interessado (propriet\u00e1rio legal), caso tenha extraviado ou destru\u00eddo o original do pedigree,\u00a0poder\u00e1 solicitar, por meio de carta ao KCB, a emiss\u00e3o de uma segunda via do documento.<\/span><\/p>\n<\/div>\n<p><a href=\"#\"><span uk-icon=\"icon: arrow-right; ratio: 1.4\"><\/span><\/a><\/p>\n<\/li>\n<li>\n<h3>Reconhecimento Pedigree estrangeiro<\/h3>\n<div>\n<p>Quando se importa um c\u00e3o \u00e9 necess\u00e1rio que seu pedigree seja reconhecido no Brasil. Feito isto, o c\u00e3o passar\u00e1 a ter um n\u00famero de registro brasileiro. Para o reconhecimento \u00e9 necess\u00e1rio o documento original (pedigree de no m\u00ednimo tr\u00eas gera\u00e7\u00f5es) transferindo a propriedade para o propriet\u00e1rio brasileiro.<\/p>\n<\/div>\n<\/li>\n<\/ul>\n<h3>\n<p>Tabela dos valores das contribui\u00e7\u00f5es cobrado pelo Kennel Club de Bras\u00edlia<\/p>\n<\/h3>\n<table>\n<thead>\n<tr>\n<th>Contribui\u00e7\u00e3o<\/th>\n<th>Valor para s\u00f3cio<\/th>\n<th>Valor para n\u00e3o s\u00f3cio<\/th>\n<\/tr>\n<\/thead>\n<tbody>\n<tr>\n<td>Anuidade Social<\/td>\n<td>R$ 200,00<\/td>\n<td>\n<p>&#8211;<\/p>\n<\/td>\n<\/tr>\n<tr>\n<td>Associa\u00e7\u00e3o (novo s\u00f3cio)<\/td>\n<td>R$ 300,00<\/td>\n<td>\n<p>&#8211;<\/p>\n<\/td>\n<\/tr>\n<tr>\n<td>Registro de afixo<\/td>\n<td>R$ 237,00<\/td>\n<td>\n<p>R$ 474,00<\/p>\n<\/td>\n<\/tr>\n<tr>\n<td>Manutencao de afixo<\/td>\n<td>R$ 79,00<\/td>\n<td>\n<p>R$ 158,00<\/p>\n<\/td>\n<\/tr>\n<tr>\n<td>Registro de filhotes at\u00e9 90 dias<\/td>\n<td>R$ 70,00<\/td>\n<td>\n<p>R$ 140,00<\/p>\n<\/td>\n<\/tr>\n<tr>\n<td>Registro de filhotes at\u00e9 120 dias<\/td>\n<td>R$ 81,00<\/td>\n<td>\n<p>R$ 162,00<\/p>\n<\/td>\n<\/tr>\n<tr>\n<td>Registro de filhotes at\u00e9 150 dias<\/td>\n<td>R$ 93,00<\/td>\n<td>\n<p>R$ 186,00<\/p>\n<\/td>\n<\/tr>\n<tr>\n<td>Registro de filhotes at\u00e9 180 dias<\/td>\n<td>R$ 104,00<\/td>\n<td>\n<p>R$ 208,00<\/p>\n<\/td>\n<\/tr>\n<tr>\n<td>Registro com mais de 180 dias<\/td>\n<td>R$ 150,00<\/td>\n<td>\n<p>R$ 300,00<\/p>\n<\/td>\n<\/tr>\n<tr>\n<td>Segunda via de pedigree<\/td>\n<td>R$ 70,00<\/td>\n<td>\n<p>R$ 140,00<\/p>\n<\/td>\n<\/tr>\n<tr>\n<td>Transfer\u00eancia de propriedade<\/td>\n<td>R$ 90,00<\/td>\n<td>\n<p>R$ 180,00<\/p>\n<\/td>\n<\/tr>\n<tr>\n<td>Pedigree de exportacao<\/td>\n<td>R$ 224,00<\/td>\n<td>\n<p>R$ 448,00<\/p>\n<\/td>\n<\/tr>\n<tr>\n<td>Reconhecimento de pedigree estrangeiro<\/td>\n<td>R$ 224,00<\/td>\n<td>\n<p>R$ 448,00<\/p>\n<\/td>\n<\/tr>\n<tr>\n<td>Segunda via do certificado de canil<\/td>\n<td>R$ 45.00<\/td>\n<td><\/td>\n<\/tr>\n<tr>\n<td>Titulo de campeao inicial<\/td>\n<td>R$ 66.00<\/td>\n<td>\n<p><span>R$ 132.00<\/span><\/p>\n<\/td>\n<\/tr>\n<tr>\n<td>Titulo de campeao filhote<\/td>\n<td>R$ 66.00<\/td>\n<td>\n<p><span>R$ 132.00<\/span><\/p>\n<\/td>\n<\/tr>\n<tr>\n<td>Titulo de campeao jovem<\/td>\n<td>R$ 75,00<\/td>\n<td>\n<p>R$ 150,00<\/p>\n<\/td>\n<\/tr>\n<tr>\n<td>Titulo de campe\u00e3o<\/td>\n<td>R$ 101.00<\/td>\n<td>\n<p><span>R$ 202.00<\/span><\/p>\n<\/td>\n<\/tr>\n<tr>\n<td>Titulo de grande campe\u00e3o<\/td>\n<td>R$ 95.00<\/td>\n<td>\n<p><span>R$ 190.00<\/span><\/p>\n<\/td>\n<\/tr>\n<tr>\n<td>Titulo de grande campeao panamericano<\/td>\n<td>R$ 221.00<\/td>\n<td>\n<p><span>R$ 442.00<\/span><\/p>\n<\/td>\n<\/tr>\n<tr>\n<td>Titulo de campeao panamericano<\/td>\n<td>R$ 197,00<\/td>\n<td>\n<p>R$ 394,00<\/p>\n<\/td>\n<\/tr>\n<tr>\n<td>Titulo de campeao internacional<\/td>\n<td>R$ 223,00<\/td>\n<td>\n<p>R$ 466,00<\/p>\n<\/td>\n<\/tr>\n<tr>\n<td>Anotacao de tit.Conquistado no exterior<\/td>\n<td>R$ 131,00<\/td>\n<td>\n<p>R$ 262,00<\/p>\n<\/td>\n<\/tr>\n<tr>\n<td>Segunda via de titulo promocional<\/td>\n<td>R$ 66,00<\/td>\n<td>\n<p><span>R$ 132.00<\/span><\/p>\n<\/td>\n<\/tr>\n<tr>\n<td>T\u00edtulo de campe\u00e3o pleno<\/td>\n<td>R$ 221,00<\/td>\n<td>\n<p>R$ 442,00<\/p>\n<\/td>\n<\/tr>\n<\/tbody>\n<\/table>\n<h2>\n<p>Realiza\u00e7\u00e3o de eventos\/exposi\u00e7\u00f5es<\/p>\n<\/h2>\n<div>\n<p><span>Al\u00e9m das contribui\u00e7\u00f5es acima, periodicamente s\u00e3o divulgados neste Portal e em outros meios de comunica\u00e7\u00e3o os eventos patrocinados pelo KCB. O KCB\u00a0realiza diversos eventos, como\u00a0exposi\u00e7\u00f5es de estrutura e beleza, semin\u00e1rios, cursos, palestras e workshops.<\/span><\/p>\n<\/div>\n<div>\n<h3>Exposi\u00e7\u00e3o de C\u00e3es<\/h3>\n<p>As exposi\u00e7\u00f5es caninas realizadas pelo Kennel Club de Bras\u00edlia \u2013 KCB s\u00e3o homologadas pela Confedera\u00e7\u00e3o Brasileira de Cinofilia \u2013 CBKC e consequentemente fazem parte do Calend\u00e1rio Anual de Exposi\u00e7\u00f5es.<\/p>\n<\/div>\n<p>\n    <a href=\"\/novo\/exposicao\/\">Saiba mais sobre as exposi\u00e7\u00f5es<\/a>\n<\/p>\n<p><img decoding=\"async\" src=\"\/novo\/wp-content\/uploads\/2024\/09\/exposicao.jpg\" alt=\"\"><\/p>\n<h2>\u201cO nosso pedigre \u00e9 o \u00fanico com reconhecimento internacional no mundo todo.\u201d<\/h2>\n<div>Veja algumas vantagens que s\u00e3o exclusivas para os s\u00f3cios do KCB com anuidade em dia<\/div>\n<p>\n    <a href=\"\/novo\/wp-content\/uploads\/2024\/09\/proposta-socio.pdf\">Seja S\u00f3cio<\/a>\n<\/p>\n<p><!--more--><br \/>\n<!-- {\"children\":[{\"name\":\"Hero\",\"type\":\"section\",\"props\":{\"image_position\":\"center-center\",\"padding\":\"large\",\"padding_remove_bottom\":true,\"style\":\"default\",\"title_breakpoint\":\"xl\",\"title_position\":\"top-left\",\"title_rotation\":\"left\",\"vertical_align\":\"\",\"width\":\"default\"},\"children\":[{\"type\":\"row\",\"children\":[{\"type\":\"column\",\"props\":{\"image_position\":\"center-center\",\"position_sticky_breakpoint\":\"m\",\"vertical_align\":\"middle\"},\"children\":[{\"type\":\"headline\",\"props\":{\"content\":\"Contribui\\u00e7\\u00f5es\",\"margin_remove_top\":true,\"text_align\":\"left\",\"text_align_breakpoint\":\"m\",\"text_align_fallback\":\"center\",\"title_element\":\"h1\"}},{\"type\":\"headline\",\"props\":{\"content\":\"O Kennel Club de Bras\\u00edlia \\u00e9 a entidade localizada no Distrito Federal respons\\u00e1vel pelo registro de c\\u00e3es de ra\\u00e7a pura. O Clube disponibiliza aos seus associados e aos demais interessados as contribui\\u00e7\\u00f5es abaixo descritas:\",\"title_element\":\"h3\"}}]}],\"props\":{\"margin_remove_bottom\":false,\"width\":\"default\"}}],\"modified\":\"2021-07-27T09:17:23.123Z\"},{\"type\":\"section\",\"props\":{\"image_position\":\"center-center\",\"padding_remove_bottom\":false,\"padding_remove_top\":false,\"style\":\"default\",\"title_breakpoint\":\"xl\",\"title_position\":\"top-left\",\"title_rotation\":\"left\",\"vertical_align\":\"\",\"width\":\"default\"},\"children\":[{\"type\":\"row\",\"children\":[{\"type\":\"column\",\"props\":{\"image_position\":\"center-center\",\"position_sticky_breakpoint\":\"m\"},\"children\":[{\"type\":\"grid\",\"props\":{\"content_column_breakpoint\":\"m\",\"css\":\"@media (max-width: 959px) {\\n    .el-image {\\n        width: 610px;\\n        height: 320px;\\n    }\\n}\",\"filter_align\":\"left\",\"filter_all\":true,\"filter_grid_breakpoint\":\"m\",\"filter_grid_width\":\"auto\",\"filter_position\":\"top\",\"filter_style\":\"tab\",\"grid_default\":\"1\",\"grid_medium\":\"\",\"grid_small\":\"2\",\"icon_width\":80,\"image_align\":\"left\",\"image_grid_breakpoint\":\"m\",\"image_grid_width\":\"1-2\",\"image_link\":false,\"image_svg_color\":\"emphasis\",\"image_width\":\"610\",\"item_animation\":true,\"link_margin\":\"large\",\"link_style\":\"default\",\"link_text\":\"<span uk-icon=\\\"icon: arrow-right; ratio: 1.4\\\"><\\\/span>\",\"margin\":\"large\",\"meta_align\":\"below-title\",\"meta_color\":\"primary\",\"meta_element\":\"div\",\"meta_margin\":\"small\",\"meta_style\":\"h6\",\"panel_expand\":\"image\",\"panel_image_no_padding\":true,\"panel_link\":true,\"panel_padding\":\"default\",\"panel_style\":\"card-default\",\"parallax_easing\":\"1\",\"show_content\":true,\"show_image\":false,\"show_link\":false,\"show_meta\":true,\"show_title\":true,\"title_align\":\"top\",\"title_element\":\"h3\",\"title_grid_breakpoint\":\"m\",\"title_grid_width\":\"1-2\",\"title_hover_style\":\"reset\",\"title_link\":false},\"children\":[{\"type\":\"grid_item\",\"props\":{\"content\":\"O registro de canil \\u00e9 a marca do criador, que vir\\u00e1 junto ao nome dos filhotes. Para fazer a abertura do canil, o propriet\\u00e1rio da f\\u00eamea dever\\u00e1 preencher o formul\\u00e1rio apropriado com cinco nomes de sua escolha e por ordem de prefer\\u00eancia e assinalar se deseja utilizar esta marca como prefixo (nome escolhido mais nome do filhote) ou sufixo (nome do filhote mais nome escolhido \\u2013 forma mais tradicional). O afixo (registro de canil) paga-se uma \\u00fanica vez. Por\\u00e9m, existe uma taxa de manuten\\u00e7\\u00e3o deste afixo, denominada Anuidade de Canil, que, deixando de ser paga por cinco anos consecutivos, o interessado perder\\u00e1 o direito de uso do nome registrado.\",\"image\":\"\",\"meta\":\"\",\"title\":\"Registro de Canil\"}},{\"type\":\"grid_item\",\"props\":{\"content\":\"\n\n<p>Deve ser feito pelo propriet\\u00e1rio da f\\u00eamea entre 25 at\\u00e9 90 dias contados a partir da data do nascimento dos filhotes. Para isso, deve ser preenchido o \\u201cMapa de Ninhada\\u201d, que conter\\u00e1 dados como: ra\\u00e7a; criador; nome do canil registrado, se j\\u00e1 estiver com o nome homologado; data de nascimento dos filhotes; os nomes de cada filhote, assim como o sexo e a cor (de acordo com os padr\\u00f5es oficiais); nome do pai e seu n\\u00famero de registro, al\\u00e9m do nome, endere\\u00e7o e assinatura do seu atual propriet\\u00e1rio; os mesmos dados referentes \\u00e0 m\\u00e3e da ninhada. Para dar entrada neste processo, \\u00e9 necess\\u00e1rio fazer o comunicado de acasalamento e nascimento.<\\\/p>\\n\n\n<p>A ninhada deve ser registrada, em sua totalidade, em at\\u00e9 90 dias a contar da data do nascimento dos filhotes. Caso seja ultrapassado este prazo, ser\\u00e1 cobrada uma multa at\\u00e9 o prazo de 180 dias, ap\\u00f3s este prazo o processo dever\\u00e1 ser acompanhado de uma carta esclarecedora do motivo do atraso do registro<\\\/p>\",\"image\":\"\",\"link\":\"#\",\"meta\":\"\",\"title\":\"Registro de Ninhada \\\/ Pedigree\"}},{\"type\":\"grid_item\",\"props\":{\"content\":\"\n\n<p><span>Para se processar a transfer\\u00eancia de propriedade de um c\\u00e3o, o interessado dever\\u00e1 enviar o original do Certificado de Registro do animal ao KCB, acompanhado de sua respectiva taxa e devidamente assinado pelo criador ou propriet\\u00e1rio anterior, se for o caso, com todos os dados do atual propriet\\u00e1rio, que tamb\\u00e9m deve assinar o certificado de registro no espa\\u00e7o especificado como \\u201cDe Acordo ou Comprador\\u201d . Caso o documento perten\\u00e7a a outro sistema que n\\u00e3o o da Confedera\\u00e7\\u00e3o Brasileira de Cinofilia, o interessado pagar\\u00e1 uma taxa espec\\u00edfica e poder\\u00e1 receber um registro secund\\u00e1rio.<\\\/span><\\\/p>\",\"image\":\"\",\"link\":\"#\",\"meta\":\"\",\"title\":\"Transfer\\u00eancia de propriedade\"}},{\"type\":\"grid_item\",\"props\":{\"content\":\"\n\n<p><span>O interessado (propriet\\u00e1rio legal), caso tenha extraviado ou destru\\u00eddo o original do pedigree,\\u00a0poder\\u00e1 solicitar, por meio de carta ao KCB, a emiss\\u00e3o de uma segunda via do documento.<\\\/span><\\\/p>\",\"image\":\"\",\"link\":\"#\",\"meta\":\"\",\"title\":\"Segunda via de certificado de registro ou de Pedigree\"}},{\"type\":\"grid_item\",\"props\":{\"content\":\"\n\n<p>Quando se importa um c\\u00e3o \\u00e9 necess\\u00e1rio que seu pedigree seja reconhecido no Brasil. Feito isto, o c\\u00e3o passar\\u00e1 a ter um n\\u00famero de registro brasileiro. Para o reconhecimento \\u00e9 necess\\u00e1rio o documento original (pedigree de no m\\u00ednimo tr\\u00eas gera\\u00e7\\u00f5es) transferindo a propriedade para o propriet\\u00e1rio brasileiro.<\\\/p>\",\"meta\":\"\",\"title\":\"Reconhecimento Pedigree estrangeiro\"}}],\"modified\":\"2021-07-27T08:22:49.412Z\"}]}]}],\"name\":\"Services\"},{\"type\":\"section\",\"props\":{\"image_position\":\"center-center\",\"style\":\"primary\",\"title_breakpoint\":\"xl\",\"title_position\":\"top-left\",\"title_rotation\":\"left\",\"vertical_align\":\"middle\",\"width\":\"small\"},\"children\":[{\"type\":\"row\",\"children\":[{\"type\":\"column\",\"props\":{\"image_position\":\"center-center\",\"position_sticky_breakpoint\":\"m\"},\"children\":[{\"type\":\"headline\",\"props\":{\"content\":\"\n\n<p>Tabela dos valores das contribui\\u00e7\\u00f5es cobrado pelo Kennel Club de Bras\\u00edlia<\\\/p>\",\"title_element\":\"h3\"}},{\"type\":\"table\",\"props\":{\"image_svg_color\":\"emphasis\",\"link_style\":\"default\",\"link_text\":\"Read more\",\"meta_style\":\"h5\",\"show_content\":true,\"show_image\":true,\"show_link\":true,\"show_meta\":true,\"show_title\":true,\"table_head_content\":\"Valor para n\\u00e3o s\\u00f3cio\",\"table_head_meta\":\"Valor para s\\u00f3cio\",\"table_head_title\":\"Contribui\\u00e7\\u00e3o\",\"table_hover\":true,\"table_justify\":true,\"table_order\":\"5\",\"table_responsive\":\"overflow\",\"table_size\":\"small\",\"table_style\":\"divider\",\"table_width_content\":\"shrink\",\"table_width_meta\":\"shrink\",\"table_width_title\":\"\"},\"children\":[{\"type\":\"table_item\",\"props\":{\"content\":\"\n\n<p>-<\\\/p>\",\"meta\":\"R$ 200,00\",\"title\":\"Anuidade Social\"}},{\"type\":\"table_item\",\"props\":{\"content\":\"\n\n<p>-<\\\/p>\",\"meta\":\"R$ 300,00\",\"title\":\"Associa\\u00e7\\u00e3o (novo s\\u00f3cio)\"}},{\"type\":\"table_item\",\"props\":{\"content\":\"\n\n<p>R$ 474,00<\\\/p>\",\"meta\":\"R$ 237,00\",\"title\":\"Registro de afixo\"}},{\"type\":\"table_item\",\"props\":{\"content\":\"\n\n<p>R$ 158,00<\\\/p>\",\"meta\":\"R$ 79,00\",\"title\":\"Manutencao de afixo\"}},{\"type\":\"table_item\",\"props\":{\"content\":\"\n\n<p>R$ 140,00<\\\/p>\",\"meta\":\"R$ 70,00\",\"title\":\"Registro de filhotes at\\u00e9 90 dias\"}},{\"type\":\"table_item\",\"props\":{\"content\":\"\n\n<p>R$ 162,00<\\\/p>\",\"meta\":\"R$ 81,00\",\"title\":\"Registro de filhotes at\\u00e9 120 dias\"}},{\"type\":\"table_item\",\"props\":{\"content\":\"\n\n<p>R$ 186,00<\\\/p>\",\"meta\":\"R$ 93,00\",\"title\":\"Registro de filhotes at\\u00e9 150 dias\"}},{\"type\":\"table_item\",\"props\":{\"content\":\"\n\n<p>R$ 208,00<\\\/p>\",\"meta\":\"R$ 104,00\",\"title\":\"Registro de filhotes at\\u00e9 180 dias\"}},{\"type\":\"table_item\",\"props\":{\"content\":\"\n\n<p>R$ 300,00<\\\/p>\",\"meta\":\"R$ 150,00\",\"title\":\"Registro com mais de 180 dias\"}},{\"type\":\"table_item\",\"props\":{\"content\":\"\n\n<p>R$ 140,00<\\\/p>\",\"meta\":\"R$ 70,00\",\"title\":\"Segunda via de pedigree\"}},{\"type\":\"table_item\",\"props\":{\"content\":\"\n\n<p>R$ 180,00<\\\/p>\",\"meta\":\"R$ 90,00\",\"title\":\"Transfer\\u00eancia de propriedade\"}},{\"type\":\"table_item\",\"props\":{\"content\":\"\n\n<p>R$ 448,00<\\\/p>\",\"meta\":\"R$ 224,00\",\"title\":\"Pedigree de exportacao\"}},{\"type\":\"table_item\",\"props\":{\"content\":\"\n\n<p>R$ 448,00<\\\/p>\",\"meta\":\"R$ 224,00\",\"title\":\"Reconhecimento de pedigree estrangeiro\"}},{\"type\":\"table_item\",\"props\":{\"content\":\"\",\"meta\":\"R$ 45.00\",\"title\":\"Segunda via do certificado de canil\"}},{\"type\":\"table_item\",\"props\":{\"content\":\"\n\n<p><span>R$ 132.00<\\\/span><\\\/p>\",\"meta\":\"R$ 66.00\",\"title\":\"Titulo de campeao inicial\"}},{\"type\":\"table_item\",\"props\":{\"content\":\"\n\n<p><span>R$ 132.00<\\\/span><\\\/p>\",\"meta\":\"R$ 66.00\",\"title\":\"Titulo de campeao filhote\"}},{\"type\":\"table_item\",\"props\":{\"content\":\"\n\n<p>R$ 150,00<\\\/p>\",\"meta\":\"R$ 75,00\",\"title\":\"Titulo de campeao jovem\"}},{\"type\":\"table_item\",\"props\":{\"content\":\"\n\n<p><span>R$ 202.00<\\\/span><\\\/p>\",\"meta\":\"R$ 101.00\",\"title\":\"Titulo de campe\\u00e3o\"}},{\"type\":\"table_item\",\"props\":{\"content\":\"\n\n<p><span>R$ 190.00<\\\/span><\\\/p>\",\"meta\":\"R$ 95.00\",\"title\":\"Titulo de grande campe\\u00e3o\"}},{\"type\":\"table_item\",\"props\":{\"content\":\"\n\n<p><span>R$ 442.00<\\\/span><\\\/p>\",\"meta\":\"R$ 221.00\",\"title\":\"Titulo de grande campeao panamericano\"}},{\"type\":\"table_item\",\"props\":{\"content\":\"\n\n<p>R$ 394,00<\\\/p>\",\"meta\":\"R$ 197,00\",\"title\":\"Titulo de campeao panamericano\"}},{\"type\":\"table_item\",\"props\":{\"content\":\"\n\n<p>R$ 466,00<\\\/p>\",\"meta\":\"R$ 223,00\",\"title\":\"Titulo de campeao internacional\"}},{\"type\":\"table_item\",\"props\":{\"content\":\"\n\n<p>R$ 262,00<\\\/p>\",\"meta\":\"R$ 131,00\",\"title\":\"Anotacao de tit.Conquistado no exterior\"}},{\"type\":\"table_item\",\"props\":{\"content\":\"\n\n<p><span>R$ 132.00<\\\/span><\\\/p>\",\"meta\":\"R$ 66,00\",\"title\":\"Segunda via de titulo promocional\"}},{\"type\":\"table_item\",\"props\":{\"content\":\"\n\n<p>R$ 442,00<\\\/p>\",\"meta\":\"R$ 221,00\",\"title\":\"T\\u00edtulo de campe\\u00e3o pleno\"}}]}]}]}]},{\"type\":\"section\",\"props\":{\"image_position\":\"center-center\",\"padding_remove_top\":false,\"style\":\"default\",\"title_breakpoint\":\"xl\",\"title_position\":\"top-left\",\"title_rotation\":\"left\",\"vertical_align\":\"\",\"width\":\"\"},\"children\":[{\"type\":\"row\",\"props\":{\"column_gap\":\"large\",\"layout\":\"1-2,1-2\",\"row_gap\":\"large\",\"width\":\"default\"},\"children\":[{\"type\":\"column\",\"props\":{\"image_position\":\"center-center\",\"position_sticky_breakpoint\":\"m\",\"width_medium\":\"1-2\"},\"children\":[{\"type\":\"headline\",\"props\":{\"content\":\"\n\n<p>Realiza\\u00e7\\u00e3o de eventos\\\/exposi\\u00e7\\u00f5es<\\\/p>\",\"margin\":\"remove-vertical\",\"text_align\":\"left\",\"text_align_breakpoint\":\"m\",\"text_align_fallback\":\"center\",\"title_element\":\"h2\"}},{\"type\":\"text\",\"props\":{\"column_breakpoint\":\"m\",\"content\":\"\n\n<p><span>Al\\u00e9m das contribui\\u00e7\\u00f5es acima, periodicamente s\\u00e3o divulgados neste Portal e em outros meios de comunica\\u00e7\\u00e3o os eventos patrocinados pelo KCB. O KCB\\u00a0realiza diversos eventos, como\\u00a0exposi\\u00e7\\u00f5es de estrutura e beleza, semin\\u00e1rios, cursos, palestras e workshops.<\\\/span><\\\/p>\",\"margin\":\"default\"}},{\"type\":\"text\",\"props\":{\"column_breakpoint\":\"m\",\"content\":\"\n\n<h3>Exposi\\u00e7\\u00e3o de C\\u00e3es<\\\/h3>\\n\n\n<p>As exposi\\u00e7\\u00f5es caninas realizadas pelo Kennel Club de Bras\\u00edlia \\u2013 KCB s\\u00e3o homologadas pela Confedera\\u00e7\\u00e3o Brasileira de Cinofilia \\u2013 CBKC e consequentemente fazem parte do Calend\\u00e1rio Anual de Exposi\\u00e7\\u00f5es.<\\\/p>\",\"margin\":\"default\"}},{\"type\":\"button\",\"props\":{\"grid_column_gap\":\"small\",\"grid_row_gap\":\"small\",\"margin\":\"default\"},\"children\":[{\"type\":\"button_item\",\"props\":{\"button_style\":\"default\",\"content\":\"Saiba mais sobre as exposi\\u00e7\\u00f5es\",\"icon_align\":\"left\",\"link\":\"exposicao\\\/\"}}]}]},{\"type\":\"column\",\"props\":{\"image_position\":\"center-center\",\"position_sticky_breakpoint\":\"m\",\"width_medium\":\"1-2\"},\"children\":[{\"type\":\"image\",\"props\":{\"image\":\"wp-content\\\/uploads\\\/2024\\\/09\\\/exposicao.jpg\",\"image_svg_color\":\"emphasis\",\"margin\":\"default\"}}]}]}],\"name\":\"FAQ\",\"modified\":\"2021-07-23T10:38:09.646Z\"},{\"type\":\"section\",\"props\":{\"image\":\"wp-content\\\/uploads\\\/2024\\\/09\\\/seja-socio.jpg\",\"image_position\":\"center-center\",\"image_size\":\"cover\",\"image_width\":\"2560\",\"media_overlay\":\"rgba(0, 0, 0, 0.26)\",\"padding\":\"large\",\"style\":\"default\",\"text_color\":\"light\",\"title_breakpoint\":\"xl\",\"title_position\":\"top-left\",\"title_rotation\":\"left\",\"vertical_align\":\"\",\"width\":\"expand\"},\"children\":[{\"type\":\"row\",\"children\":[{\"type\":\"column\",\"props\":{\"image_position\":\"center-center\",\"position_sticky_breakpoint\":\"m\"},\"children\":[{\"type\":\"headline\",\"props\":{\"content\":\"\\u201cO nosso pedigre \\u00e9 o \\u00fanico com reconhecimento internacional no mundo todo.\\u201d\",\"maxwidth\":\"xlarge\",\"position\":\"relative\",\"position_z_index\":\"1\",\"text_align\":\"left\",\"text_align_breakpoint\":\"s\",\"text_align_fallback\":\"center\",\"title_element\":\"h2\",\"title_style\":\"h1\"}},{\"type\":\"text\",\"props\":{\"column_breakpoint\":\"m\",\"content\":\"Veja algumas vantagens que s\\u00e3o exclusivas para os s\\u00f3cios do KCB com anuidade em dia\",\"margin\":\"default\",\"maxwidth\":\"xlarge\",\"position\":\"relative\",\"position_z_index\":\"1\",\"text_align\":\"left\",\"text_align_breakpoint\":\"s\",\"text_align_fallback\":\"center\",\"text_color\":\"emphasis\",\"text_style\":\"lead\"}},{\"type\":\"button\",\"props\":{\"button_size\":\"large\",\"grid_column_gap\":\"small\",\"grid_row_gap\":\"small\",\"margin\":\"medium\",\"position\":\"relative\",\"position_z_index\":\"1\",\"text_align\":\"left\",\"text_align_breakpoint\":\"s\",\"text_align_fallback\":\"center\"},\"children\":[{\"type\":\"button_item\",\"props\":{\"button_style\":\"default\",\"content\":\"Seja S\\u00f3cio\",\"icon_align\":\"left\",\"link\":\"wp-content\\\/uploads\\\/2024\\\/09\\\/proposta-socio.pdf\"}}]}]}],\"props\":{\"width\":\"large\"}}],\"name\":\"Call to Action\"}],\"version\":\"4.4.5\",\"type\":\"layout\"} --><\/p>\n","protected":false},"excerpt":{"rendered":"<p>Contribui\u00e7\u00f5es O Kennel Club de Bras\u00edlia \u00e9 a entidade localizada no Distrito Federal respons\u00e1vel pelo registro de c\u00e3es de ra\u00e7a pura. O Clube disponibiliza aos seus associados e aos demais interessados as contribui\u00e7\u00f5es abaixo descritas: Registro de Canil O registro de canil \u00e9 a marca do criador, que vir\u00e1 junto ao nome dos filhotes. Para [&hellip;]<\/p>\n","protected":false},"author":1,"featured_media":2102,"parent":0,"menu_order":1,"comment_status":"open","ping_status":"closed","template":"","meta":{"_acf_changed":false,"footnotes":""},"class_list":["post-22","page","type-page","status-publish","has-post-thumbnail","hentry"],"acf":[],"_links":{"self":[{"href":"https:\/\/www.kcbdf.com.br\/novo\/wp-json\/wp\/v2\/pages\/22","targetHints":{"allow":["GET"]}}],"collection":[{"href":"https:\/\/www.kcbdf.com.br\/novo\/wp-json\/wp\/v2\/pages"}],"about":[{"href":"https:\/\/www.kcbdf.com.br\/novo\/wp-json\/wp\/v2\/types\/page"}],"author":[{"embeddable":true,"href":"https:\/\/www.kcbdf.com.br\/novo\/wp-json\/wp\/v2\/users\/1"}],"replies":[{"embeddable":true,"href":"https:\/\/www.kcbdf.com.br\/novo\/wp-json\/wp\/v2\/comments?post=22"}],"version-history":[{"count":22,"href":"https:\/\/www.kcbdf.com.br\/novo\/wp-json\/wp\/v2\/pages\/22\/revisions"}],"predecessor-version":[{"id":3181,"href":"https:\/\/www.kcbdf.com.br\/novo\/wp-json\/wp\/v2\/pages\/22\/revisions\/3181"}],"wp:featuredmedia":[{"embeddable":true,"href":"https:\/\/www.kcbdf.com.br\/novo\/wp-json\/wp\/v2\/media\/2102"}],"wp:attachment":[{"href":"https:\/\/www.kcbdf.com.br\/novo\/wp-json\/wp\/v2\/media?parent=22"}],"curies":[{"name":"wp","href":"https:\/\/api.w.org\/{rel}","templated":true}]}}