{"id":6,"date":"2019-09-05T08:43:53","date_gmt":"2019-09-05T08:43:53","guid":{"rendered":"http:\/\/www.kcbdf.com.br\/marcelo\/?p=6"},"modified":"2024-10-01T18:06:49","modified_gmt":"2024-10-01T18:06:49","slug":"ranking","status":"publish","type":"page","link":"https:\/\/www.kcbdf.com.br\/novo\/ranking\/","title":{"rendered":"Ranking"},"content":{"rendered":"<div>Ranking<\/div>\n<h1>Conhe\u00e7a os Campe\u00f5es das Exposi\u00e7\u00f5es<\/h1>\n<div>Acompanhe os rankings das exposi\u00e7\u00f5es caninas do Kennel Club de Bras\u00edlia e fique por dentro dos campe\u00f5es que est\u00e3o se destacando! Venha celebrar o amor pelos nossos amigos de quatro patas e descubra quem s\u00e3o os verdadeiros campe\u00f5es da ra\u00e7a!<\/div>\n<p><img decoding=\"async\" src=\"\/marcelo\/wp-content\/uploads\/yootheme\/services-shape-01.svg\" alt=\"\"><br \/>\n<img decoding=\"async\" src=\"\/marcelo\/wp-content\/uploads\/2024\/09\/exposicao2.jpg\" alt=\"\"><\/p>\n<h1>\u00daltimas exposi\u00e7\u00f5es<\/h1>\n<div>\n<p><img decoding=\"async\" src=\"\/marcelo\/wp-content\/uploads\/2024\/10\/roseta.png\" alt=\"\"><\/p>\n<\/div>\n<div>\n<p><img decoding=\"async\" src=\"\/marcelo\/wp-content\/uploads\/2024\/10\/roseta.png\" alt=\"\"><\/p>\n<\/div>\n<h2>\u201cO nosso pedigre \u00e9 o \u00fanico com reconhecimento internacional no mundo todo.\u201d<\/h2>\n<div>Veja algumas vantagens que s\u00e3o exclusivas para os s\u00f3cios do KCB com anuidade em dia<\/div>\n<p>\n    <a href=\"\/marcelo\/wp-content\/uploads\/2024\/09\/proposta-socio.pdf\">Seja S\u00f3cio<\/a>\n<\/p>\n<p><!--more--><br \/>\n<!-- {\"name\":\"Home\",\"type\":\"layout\",\"children\":[{\"name\":\"Hero\",\"type\":\"section\",\"props\":{\"image_position\":\"center-center\",\"padding\":\"none\",\"style\":\"default\",\"title_breakpoint\":\"xl\",\"title_position\":\"top-left\",\"title_rotation\":\"left\",\"vertical_align\":\"\",\"width\":\"large\",\"width_expand\":\"right\"},\"children\":[{\"type\":\"row\",\"children\":[{\"type\":\"column\",\"props\":{\"css\":\"@media (min-width: 960px) {\\n    \\n\\t.el-column { max-width: 453px; }\\n    .el-column .uk-tile {\\n        padding-top: 0;\\n        padding-bottom: 0;\\n        padding-left: 0;\\n    }\\n    \\n}\",\"image_position\":\"center-center\",\"padding\":\"small\",\"position_sticky_breakpoint\":\"m\",\"style\":\"tile-default\",\"vertical_align\":\"middle\",\"width_medium\":\"1-3\"},\"children\":[{\"type\":\"headline\",\"props\":{\"content\":\"Ranking\",\"text_align\":\"left\",\"text_align_breakpoint\":\"m\",\"text_align_fallback\":\"center\",\"title_color\":\"primary\",\"title_element\":\"div\",\"title_style\":\"h6\"}},{\"type\":\"headline\",\"props\":{\"content\":\"Conhe\\u00e7a os Campe\\u00f5es das Exposi\\u00e7\\u00f5es\",\"margin\":\"remove-vertical\",\"maxwidth\":\"large\",\"maxwidth_breakpoint\":\"m\",\"text_align\":\"left\",\"text_align_breakpoint\":\"m\",\"text_align_fallback\":\"center\",\"title_element\":\"h1\"}},{\"type\":\"text\",\"props\":{\"column_breakpoint\":\"m\",\"content\":\"Acompanhe os rankings das exposi\\u00e7\\u00f5es caninas do Kennel Club de Bras\\u00edlia e fique por dentro dos campe\\u00f5es que est\\u00e3o se destacando! Venha celebrar o amor pelos nossos amigos de quatro patas e descubra quem s\\u00e3o os verdadeiros campe\\u00f5es da ra\\u00e7a!\",\"margin\":\"default\",\"maxwidth\":\"medium\",\"maxwidth_breakpoint\":\"m\",\"text_align\":\"left\",\"text_align_breakpoint\":\"m\",\"text_align_fallback\":\"center\"}}]},{\"type\":\"column\",\"props\":{\"image_position\":\"center-center\",\"position_sticky_breakpoint\":\"m\",\"width_medium\":\"2-3\"},\"children\":[{\"type\":\"image\",\"props\":{\"image\":\"wp-content\\\/uploads\\\/yootheme\\\/services-shape-01.svg\",\"image_height\":\"170\",\"image_loading\":true,\"image_svg_color\":\"\",\"image_svg_inline\":false,\"image_width\":\"170\",\"margin\":\"default\",\"parallax_easing\":\"-1\",\"position\":\"absolute\",\"position_left\":\"-170\",\"position_z_index\":\"0\",\"visibility\":\"xl\"}},{\"type\":\"image\",\"props\":{\"container_padding_remove\":true,\"css\":\"@media (max-width: 959px) {\\n    \\n    .el-element.uk-container-item-padding-remove-right {\\n        width: 100%;\\n        margin-right: 0;\\n    }\\n    \\n}\",\"image\":\"wp-content\\\/uploads\\\/2024\\\/09\\\/exposicao2.jpg\",\"image_loading\":true,\"image_svg_color\":\"emphasis\",\"image_width\":\"1510\",\"margin\":\"default\",\"margin_remove_top\":true,\"position\":\"relative\",\"position_z_index\":\"2\",\"text_align\":\"right\"}}]}],\"props\":{\"column_gap\":\"collapse\",\"layout\":\"1-3,2-3\",\"row_gap\":\"collapse\"}}]},{\"type\":\"section\",\"props\":{\"image_position\":\"center-center\",\"status\":\"disabled\",\"style\":\"default\",\"title_breakpoint\":\"xl\",\"title_position\":\"top-left\",\"title_rotation\":\"left\",\"vertical_align\":\"middle\",\"width\":\"default\"},\"children\":[{\"type\":\"row\",\"children\":[{\"type\":\"column\",\"props\":{\"image_position\":\"center-center\",\"position_sticky_breakpoint\":\"m\"},\"children\":[{\"type\":\"fs_table\",\"props\":{\"description_limit_length\":\"80\",\"description_margin\":\"remove\",\"description_style\":\"text-small\",\"enable_datatables\":false,\"image_height\":\"60\",\"image_svg_color\":\"emphasis\",\"image_width\":\"60\",\"link_size\":\"small\",\"link_style\":\"secondary\",\"link_text\":\"Read more\",\"show_datatables_settings\":\"all\",\"show_description\":false,\"show_element_settings\":\"all\",\"show_image\":false,\"show_link\":false,\"show_table_content\":false,\"show_table_meta\":false,\"show_table_title\":true,\"show_text_1\":true,\"show_text_2\":true,\"show_text_3\":true,\"show_text_4\":true,\"show_text_5\":false,\"show_text_6\":false,\"show_text_7\":false,\"show_text_8\":false,\"show_text_9\":false,\"show_title\":true,\"table_content_column_breakpoint\":\"m\",\"table_content_limit_length\":\"80\",\"table_content_margin\":\"small\",\"table_content_style\":\"text-small\",\"table_datatables_defer_render\":false,\"table_datatables_filter\":true,\"table_datatables_filter_dropdown_limit\":\"0\",\"table_datatables_filter_dropdown_width\":\"100\",\"table_datatables_filter_link\":true,\"table_datatables_filter_placeholder\":\"col-name\",\"table_datatables_filter_position\":\"footer\",\"table_datatables_filter_text_1\":true,\"table_datatables_filter_text_2\":true,\"table_datatables_filter_text_3\":true,\"table_datatables_filter_text_4\":true,\"table_datatables_filter_text_5\":true,\"table_datatables_filter_text_6\":true,\"table_datatables_filter_text_7\":true,\"table_datatables_filter_text_8\":true,\"table_datatables_filter_text_9\":true,\"table_datatables_filter_title\":false,\"table_datatables_fixed_footer\":false,\"table_datatables_fixed_footer_offset\":0,\"table_datatables_fixed_header\":false,\"table_datatables_fixed_header_offset\":0,\"table_datatables_info\":true,\"table_datatables_lengthChange\":true,\"table_datatables_ordering\":true,\"table_datatables_pageLength\":\"10\",\"table_datatables_paging\":true,\"table_datatables_save_state\":false,\"table_datatables_search\":true,\"table_datatables_sorting_default\":\"title\",\"table_datatables_sorting_default_order\":\"asc\",\"table_datatables_sorting_image\":false,\"table_datatables_sorting_title\":false,\"table_datatables_sticky\":false,\"table_datatables_translation_filter_all\":\"All\",\"table_datatables_translation_filter_checkbox_false\":\"No\",\"table_datatables_translation_filter_checkbox_true\":\"Yes\",\"table_datatables_translation_info\":\"Showing page _PAGE_ of _PAGES_\",\"table_datatables_translation_infoEmpty\":\"No records available\",\"table_datatables_translation_infoFiltered\":\"(filtered from _MAX_ total records)\",\"table_datatables_translation_lengthMenu\":\"Display _MENU_ records per page\",\"table_datatables_translation_pagination_next\":\"Next\",\"table_datatables_translation_pagination_previous\":\"Previous\",\"table_datatables_translation_search\":\"Search\",\"table_datatables_translation_zeroRecords\":\"Nothing found - sorry\",\"table_head_image\":\"Image\",\"table_head_link\":\"Link\",\"table_head_text_1\":\"Nome do Canil\",\"table_head_text_2\":\"Ra\\u00e7a\",\"table_head_text_3\":\"Propriet\\u00e1rio\",\"table_head_text_4\":\"Pontos\",\"table_head_text_5\":\"Text 5\",\"table_head_text_6\":\"Text 6\",\"table_head_text_7\":\"Text 7\",\"table_head_text_8\":\"Text 8\",\"table_head_text_9\":\"Text 9\",\"table_head_title\":\"Posi\\u00e7\\u00e3o\",\"table_hover\":true,\"table_justify\":true,\"table_last_align\":\"center\",\"table_meta_color\":\"primary\",\"table_meta_decoration\":\"divider\",\"table_meta_element\":\"div\",\"table_meta_limit_length\":\"80\",\"table_meta_margin\":\"remove\",\"table_meta_position\":\"below-table-title\",\"table_meta_style\":\"h3\",\"table_order\":\"4\",\"table_responsive\":\"overflow\",\"table_size\":\"small\",\"table_style\":\"divider\",\"table_title\":\"Copa Brasiliense de Cinofilia 2019\",\"table_title_element\":\"h2\",\"table_title_grid_breakpoint\":\"m\",\"table_title_grid_width\":\"1-2\",\"table_title_limit_length\":\"80\",\"table_title_position\":\"top\",\"table_vertical_align\":true,\"table_width_image\":\"shrink\",\"table_width_image_custom\":\"100\",\"table_width_link\":\"shrink\",\"table_width_link_custom\":\"100\",\"table_width_text_1\":\"shrink\",\"table_width_text_1_custom\":\"100\",\"table_width_text_2\":\"shrink\",\"table_width_text_2_custom\":\"100\",\"table_width_text_3\":\"shrink\",\"table_width_text_3_custom\":\"100\",\"table_width_text_4\":\"shrink\",\"table_width_text_4_custom\":\"100\",\"table_width_text_5\":\"shrink\",\"table_width_text_5_custom\":\"100\",\"table_width_text_6\":\"shrink\",\"table_width_text_6_custom\":\"100\",\"table_width_text_7\":\"shrink\",\"table_width_text_7_custom\":\"100\",\"table_width_text_8\":\"shrink\",\"table_width_text_8_custom\":\"100\",\"table_width_text_9\":\"shrink\",\"table_width_text_9_custom\":\"100\",\"table_width_title\":\"shrink\",\"table_width_title_custom\":\"100\",\"text_1_align\":\"center\",\"text_1_limit_length\":\"10\",\"text_1_style\":\"h5\",\"text_2_align\":\"center\",\"text_2_limit_length\":\"20\",\"text_2_style\":\"h5\",\"text_3_align\":\"center\",\"text_3_limit_length\":\"30\",\"text_3_style\":\"h5\",\"text_4_align\":\"center\",\"text_4_data\":\"number\",\"text_4_limit_length\":\"40\",\"text_4_style\":\"h5\",\"text_5_align\":\"center\",\"text_5_limit_length\":\"50\",\"text_5_style\":\"h5\",\"text_6_align\":\"center\",\"text_6_limit_length\":\"60\",\"text_6_style\":\"h5\",\"text_7_align\":\"center\",\"text_7_limit_length\":\"70\",\"text_7_style\":\"h5\",\"text_8_align\":\"center\",\"text_8_limit_length\":\"80\",\"text_8_style\":\"h5\",\"text_9_align\":\"center\",\"text_9_limit_length\":\"80\",\"text_9_style\":\"h5\",\"title_align\":\"center\",\"title_data\":\"number\",\"title_limit\":false,\"title_limit_length\":\"80\",\"title_style\":\"h5\"},\"children\":[{\"type\":\"fs_table_item\",\"props\":{\"label_custom_color\":\"#000000\",\"text_1\":\"ANJOS\",\"text_2\":\"PUG\",\"text_3\":\"ANN JOE SAMPAIO\\\/ANNA MARIA DALLE ROSE\",\"text_4\":\"625\",\"title\":\"1\"}},{\"type\":\"fs_table_item\",\"props\":{\"label_custom_color\":\"#000000\",\"text_1\":\"MAISON DELLA\",\"text_2\":\"PAPILLON\",\"text_3\":\"DARSON ASTORGA\",\"text_4\":\"283\",\"title\":\"2\"}},{\"type\":\"fs_table_item\",\"props\":{\"label_custom_color\":\"#000000\",\"text_1\":\"PEQUIZEIRO\",\"text_2\":\"COCKER SPANIEL INGL\\u00caS\",\"text_3\":\"JOANA GALINKIN\",\"text_4\":\"275\",\"title\":\"3\"}},{\"type\":\"fs_table_item\",\"props\":{\"label_custom_color\":\"#000000\",\"text_1\":\"MOLOSSO DI JERIV\\u00c1\",\"text_2\":\"BULLDOGUE CAMPEIRO\",\"text_3\":\"FERNANDO STARLING\",\"text_4\":\"165\",\"title\":\"4\"}},{\"type\":\"fs_table_item\",\"props\":{\"label_custom_color\":\"#000000\",\"text_1\":\"AMSTAFF CAMARILHA\",\"text_2\":\"AMERICAN STAFFORDSHIRE TERRIER\",\"text_3\":\"CLAUDIO SIVA\",\"text_4\":\"135\",\"title\":\"5\"}},{\"type\":\"fs_table_item\",\"props\":{\"label_custom_color\":\"#000000\",\"text_1\":\"PEQUIZEIRO\",\"text_2\":\"DOGUE ALEMAO DOURADO\\\/TIGRADO\",\"text_3\":\"JOANA GALINKIN\",\"text_4\":\"130\",\"title\":\"6\"}},{\"type\":\"fs_table_item\",\"props\":{\"label_custom_color\":\"#000000\",\"text_1\":\"ROYAL KING\",\"text_2\":\"BEAGLE\",\"text_3\":\"RODOLFO CALVILLO\",\"text_4\":\"115\",\"title\":\"7\"}},{\"type\":\"fs_table_item\",\"props\":{\"label_custom_color\":\"#000000\",\"text_1\":\"LE BARON ROUGE\",\"text_2\":\"BULLDOGUE FRANC\\u00caS\",\"text_3\":\"LEONARDO BUZZI\",\"text_4\":\"93\",\"title\":\"8\"}},{\"type\":\"fs_table_item\",\"props\":{\"label_custom_color\":\"#000000\",\"text_1\":\"TRIACCAN\",\"text_2\":\"SETTER GORDON\",\"text_3\":\"PATRICIA TRIACCA\",\"text_4\":\"90\",\"title\":\"9\"}},{\"type\":\"fs_table_item\",\"props\":{\"label_custom_color\":\"#000000\",\"text_1\":\"BLAUER KING\",\"text_2\":\"DOBERMANN\",\"text_3\":\"NICOLAS PINEIRO\",\"text_4\":\"85\",\"title\":\"10\"}}]}]}]}]},{\"type\":\"section\",\"props\":{\"image_position\":\"center-center\",\"style\":\"default\",\"title_breakpoint\":\"xl\",\"title_position\":\"top-left\",\"title_rotation\":\"left\",\"vertical_align\":\"middle\",\"width\":\"large\"},\"children\":[{\"type\":\"row\",\"children\":[{\"type\":\"column\",\"props\":{\"image_position\":\"center-center\",\"position_sticky_breakpoint\":\"m\"},\"children\":[{\"type\":\"headline\",\"props\":{\"content\":\"\\u00daltimas exposi\\u00e7\\u00f5es\",\"title_decoration\":\"line\",\"title_element\":\"h1\"}}]}]},{\"type\":\"row\",\"children\":[{\"type\":\"column\",\"props\":{\"image_position\":\"center-center\",\"position_sticky_breakpoint\":\"m\"},\"children\":[{\"type\":\"grid\",\"props\":{\"content_column_breakpoint\":\"m\",\"filter_align\":\"left\",\"filter_all\":true,\"filter_grid_breakpoint\":\"m\",\"filter_grid_width\":\"auto\",\"filter_position\":\"top\",\"filter_style\":\"tab\",\"grid_default\":\"1\",\"grid_divider\":true,\"grid_medium\":\"3\",\"icon_width\":\"20\",\"image_align\":\"left\",\"image_grid_breakpoint\":\"m\",\"image_grid_width\":\"2-5\",\"image_loading\":true,\"image_svg_color\":\"emphasis\",\"item_animation\":true,\"item_maxwidth\":\"xlarge\",\"link_style\":\"default\",\"link_target\":true,\"link_text\":\"\",\"margin\":\"default\",\"meta_align\":\"below-title\",\"meta_element\":\"div\",\"meta_style\":\"text-meta\",\"panel_link\":true,\"panel_padding\":\"default\",\"panel_style\":\"card-default\",\"show_content\":true,\"show_image\":true,\"show_link\":true,\"show_meta\":true,\"show_title\":true,\"title_align\":\"top\",\"title_color\":\"secondary\",\"title_decoration\":\"divider\",\"title_element\":\"h3\",\"title_grid_breakpoint\":\"m\",\"title_grid_width\":\"1-2\",\"title_hover_style\":\"reset\",\"title_link\":true,\"title_margin\":\"small\",\"title_style\":\"h3\",\"visibility\":\"m\"},\"children\":[{\"type\":\"grid_item\",\"props\":{\"image\":\"wp-content\\\/uploads\\\/2024\\\/10\\\/roseta.png\"},\"source\":{\"query\":{\"name\":\"posts.customPosts\",\"arguments\":{\"terms\":[6],\"category_operator\":\"IN\",\"post_tag_operator\":\"IN\",\"users\":[],\"users_operator\":\"IN\",\"offset\":0,\"limit\":10,\"order\":\"date\",\"order_direction\":\"DESC\"}},\"props\":{\"title\":{\"filters\":{\"search\":\"\"},\"name\":\"title\"},\"link\":{\"filters\":{\"search\":\"\"},\"name\":\"link\"}}}}]},{\"type\":\"grid\",\"props\":{\"content_column_breakpoint\":\"m\",\"filter_align\":\"left\",\"filter_all\":true,\"filter_grid_breakpoint\":\"m\",\"filter_grid_width\":\"auto\",\"filter_position\":\"top\",\"filter_style\":\"tab\",\"grid_default\":\"1\",\"grid_divider\":true,\"grid_medium\":\"3\",\"icon_width\":\"\",\"image_align\":\"top\",\"image_grid_breakpoint\":\"m\",\"image_grid_width\":\"auto\",\"image_loading\":true,\"image_svg_color\":\"emphasis\",\"image_transition\":\"scale-up\",\"image_transition_border\":false,\"image_width\":\"70\",\"item_animation\":true,\"item_maxwidth\":\"xlarge\",\"link_style\":\"default\",\"link_target\":true,\"link_text\":\"\",\"margin\":\"default\",\"meta_align\":\"below-title\",\"meta_element\":\"div\",\"meta_style\":\"text-meta\",\"panel_link\":true,\"panel_padding\":\"default\",\"panel_style\":\"card-default\",\"show_content\":true,\"show_image\":true,\"show_link\":true,\"show_meta\":true,\"show_title\":true,\"text_align\":\"center\",\"title_align\":\"top\",\"title_color\":\"secondary\",\"title_decoration\":\"divider\",\"title_element\":\"h3\",\"title_grid_breakpoint\":\"m\",\"title_grid_width\":\"1-2\",\"title_hover_style\":\"reset\",\"title_link\":true,\"title_margin\":\"small\",\"title_style\":\"h3\",\"visibility\":\"hidden-m\"},\"children\":[{\"type\":\"grid_item\",\"props\":{\"image\":\"wp-content\\\/uploads\\\/2024\\\/10\\\/roseta.png\"},\"source\":{\"query\":{\"name\":\"posts.customPosts\",\"arguments\":{\"terms\":[6],\"category_operator\":\"IN\",\"post_tag_operator\":\"IN\",\"users\":[],\"users_operator\":\"IN\",\"offset\":0,\"limit\":10,\"order\":\"date\",\"order_direction\":\"DESC\"}},\"props\":{\"title\":{\"filters\":{\"search\":\"\"},\"name\":\"title\"},\"link\":{\"filters\":{\"search\":\"\"},\"name\":\"link\"}}}}]}]}]}]},{\"type\":\"section\",\"props\":{\"image\":\"wp-content\\\/uploads\\\/2024\\\/09\\\/seja-socio.jpg\",\"image_position\":\"center-center\",\"image_size\":\"cover\",\"image_width\":\"2560\",\"media_overlay\":\"rgba(0, 0, 0, 0.26)\",\"padding\":\"large\",\"style\":\"default\",\"text_color\":\"light\",\"title_breakpoint\":\"xl\",\"title_position\":\"top-left\",\"title_rotation\":\"left\",\"vertical_align\":\"\",\"width\":\"expand\"},\"children\":[{\"type\":\"row\",\"children\":[{\"type\":\"column\",\"props\":{\"image_position\":\"center-center\",\"position_sticky_breakpoint\":\"m\"},\"children\":[{\"type\":\"headline\",\"props\":{\"content\":\"\\u201cO nosso pedigre \\u00e9 o \\u00fanico com reconhecimento internacional no mundo todo.\\u201d\",\"maxwidth\":\"xlarge\",\"position\":\"relative\",\"position_z_index\":\"1\",\"text_align\":\"left\",\"text_align_breakpoint\":\"s\",\"text_align_fallback\":\"center\",\"title_element\":\"h2\",\"title_style\":\"h1\"}},{\"type\":\"text\",\"props\":{\"column_breakpoint\":\"m\",\"content\":\"Veja algumas vantagens que s\\u00e3o exclusivas para os s\\u00f3cios do KCB com anuidade em dia\",\"margin\":\"default\",\"maxwidth\":\"xlarge\",\"position\":\"relative\",\"position_z_index\":\"1\",\"text_align\":\"left\",\"text_align_breakpoint\":\"s\",\"text_align_fallback\":\"center\",\"text_color\":\"emphasis\",\"text_style\":\"lead\"}},{\"type\":\"button\",\"props\":{\"button_size\":\"large\",\"grid_column_gap\":\"small\",\"grid_row_gap\":\"small\",\"margin\":\"medium\",\"position\":\"relative\",\"position_z_index\":\"1\",\"text_align\":\"left\",\"text_align_breakpoint\":\"s\",\"text_align_fallback\":\"center\"},\"children\":[{\"type\":\"button_item\",\"props\":{\"button_style\":\"default\",\"content\":\"Seja S\\u00f3cio\",\"icon_align\":\"left\",\"link\":\"wp-content\\\/uploads\\\/2024\\\/09\\\/proposta-socio.pdf\"}}]}]}],\"props\":{\"width\":\"large\"}}],\"name\":\"Call to Action\"}],\"version\":\"4.4.5\"} --><\/p>\n","protected":false},"excerpt":{"rendered":"<p>Ranking Conhe\u00e7a os Campe\u00f5es das Exposi\u00e7\u00f5es Acompanhe os rankings das exposi\u00e7\u00f5es caninas do Kennel Club de Bras\u00edlia e fique por dentro dos campe\u00f5es que est\u00e3o se destacando! Venha celebrar o amor pelos nossos amigos de quatro patas e descubra quem s\u00e3o os verdadeiros campe\u00f5es da ra\u00e7a! \u00daltimas exposi\u00e7\u00f5es \u201cO nosso pedigre \u00e9 o \u00fanico com [&hellip;]<\/p>\n","protected":false},"author":1,"featured_media":2056,"parent":0,"menu_order":8,"comment_status":"open","ping_status":"closed","template":"","meta":{"_acf_changed":false,"footnotes":""},"class_list":["post-6","page","type-page","status-publish","has-post-thumbnail","hentry"],"acf":[],"_links":{"self":[{"href":"https:\/\/www.kcbdf.com.br\/novo\/wp-json\/wp\/v2\/pages\/6","targetHints":{"allow":["GET"]}}],"collection":[{"href":"https:\/\/www.kcbdf.com.br\/novo\/wp-json\/wp\/v2\/pages"}],"about":[{"href":"https:\/\/www.kcbdf.com.br\/novo\/wp-json\/wp\/v2\/types\/page"}],"author":[{"embeddable":true,"href":"https:\/\/www.kcbdf.com.br\/novo\/wp-json\/wp\/v2\/users\/1"}],"replies":[{"embeddable":true,"href":"https:\/\/www.kcbdf.com.br\/novo\/wp-json\/wp\/v2\/comments?post=6"}],"version-history":[{"count":21,"href":"https:\/\/www.kcbdf.com.br\/novo\/wp-json\/wp\/v2\/pages\/6\/revisions"}],"predecessor-version":[{"id":3087,"href":"https:\/\/www.kcbdf.com.br\/novo\/wp-json\/wp\/v2\/pages\/6\/revisions\/3087"}],"wp:featuredmedia":[{"embeddable":true,"href":"https:\/\/www.kcbdf.com.br\/novo\/wp-json\/wp\/v2\/media\/2056"}],"wp:attachment":[{"href":"https:\/\/www.kcbdf.com.br\/novo\/wp-json\/wp\/v2\/media?parent=6"}],"curies":[{"name":"wp","href":"https:\/\/api.w.org\/{rel}","templated":true}]}}