{"id":8,"date":"2019-09-05T08:43:51","date_gmt":"2019-09-05T08:43:51","guid":{"rendered":"http:\/\/www.kcbdf.com.br\/marcelo\/?p=8"},"modified":"2024-10-15T18:37:30","modified_gmt":"2024-10-15T18:37:30","slug":"contato","status":"publish","type":"page","link":"https:\/\/www.kcbdf.com.br\/novo\/contato\/","title":{"rendered":"Contato"},"content":{"rendered":"<div>fale conosco<\/div>\n<h1>Contato<\/h1>\n<div>Estamos localizados no Edif\u00edcio Radio Center no cora\u00e7\u00e3o de Bras\u00edlia<\/div>\n<ul>\n<li>\n<p><img decoding=\"async\" src=\"\/novo\/wp-content\/uploads\/yootheme\/icon-location.svg\" alt=\"\"><\/p>\n<h2>Endere\u00e7o<\/h2>\n<div>SRTVN \u2013 Setor de Radio TV Norte,<br \/>\nEd. Bras\u00edlia Radio Center 1\u00ba andar \u2013 sala 1102<br \/>\nBras\u00edlia \u2013 Distrito Federal \u2013 CEP: 70.719-900<\/div>\n<\/li>\n<li>\n<p><img decoding=\"async\" src=\"\/novo\/wp-content\/uploads\/yootheme\/icon-contact.svg\" alt=\"\"><\/p>\n<h2>Telefones<\/h2>\n<div>\n<p><a class=\"uk-link-text\" href=\"tel:+5561995117345\">+55 (61) 99511-7345<\/a><br \/><a href=\"mailto:contato@kcbdf.com.br\">contato@kcbdf.com.br<\/a><\/p>\n<\/div>\n<\/li>\n<li>\n<p><img decoding=\"async\" src=\"\/novo\/wp-content\/uploads\/yootheme\/icon-office-hours.svg\" alt=\"\"><\/p>\n<h2>Hor\u00e1rio funcionamento<\/h2>\n<div>\n<div class=\"uk-child-width-expand uk-grid-small\" uk-grid=\"\">\n<div>Ter\u00e7a\u2009a\u2009Quinta<\/div>\n<div>10h\u2009\u00e0s\u200915h30<\/div>\n<\/div>\n<\/div>\n<\/li>\n<\/ul>\n<div>\n<p>-15.7841,-47.8886<\/p>\n<h3>SRTVN<\/h3>\n<\/div>\n<h2>\u201cO nosso pedigre \u00e9 o \u00fanico com reconhecimento internacional no mundo todo.\u201d<\/h2>\n<div>Veja algumas vantagens que s\u00e3o exclusivas para os s\u00f3cios do KCB com anuidade em dia<\/div>\n<p>\n    <a href=\"\/novo\/wp-content\/uploads\/2024\/09\/proposta-socio.pdf\">Seja S\u00f3cio<\/a>\n<\/p>\n<p><!--more--><br \/>\n<!-- {\"type\":\"layout\",\"children\":[{\"type\":\"section\",\"props\":{\"image_position\":\"center-center\",\"style\":\"default\",\"title_breakpoint\":\"xl\",\"title_position\":\"top-left\",\"title_rotation\":\"left\",\"vertical_align\":\"\",\"width\":\"\"},\"children\":[{\"type\":\"row\",\"children\":[{\"type\":\"column\",\"props\":{\"image_position\":\"center-center\",\"position_sticky_breakpoint\":\"m\"},\"children\":[{\"type\":\"headline\",\"props\":{\"content\":\"fale conosco\",\"text_align\":\"center\",\"title_color\":\"primary\",\"title_element\":\"div\",\"title_style\":\"h6\"}},{\"type\":\"headline\",\"props\":{\"content\":\"Contato\",\"margin\":\"remove-vertical\",\"text_align\":\"center\",\"title_element\":\"h1\"}},{\"type\":\"text\",\"props\":{\"block_align\":\"center\",\"column_breakpoint\":\"m\",\"content\":\"Estamos localizados no Edif\\u00edcio Radio Center no cora\\u00e7\\u00e3o de Bras\\u00edlia\",\"margin\":\"default\",\"maxwidth\":\"xlarge\",\"text_align\":\"center\",\"text_style\":\"large\"}},{\"type\":\"grid\",\"props\":{\"content_column_breakpoint\":\"m\",\"filter_align\":\"left\",\"filter_all\":true,\"filter_grid_breakpoint\":\"m\",\"filter_grid_width\":\"auto\",\"filter_position\":\"top\",\"filter_style\":\"tab\",\"grid_default\":\"1\",\"grid_large\":\"3\",\"grid_medium\":\"\",\"grid_small\":\"2\",\"icon_width\":80,\"image_align\":\"left\",\"image_grid_breakpoint\":\"s\",\"image_grid_column_gap\":\"small\",\"image_grid_row_gap\":\"small\",\"image_grid_width\":\"auto\",\"image_loading\":true,\"image_svg_color\":\"emphasis\",\"image_svg_inline\":true,\"item_animation\":true,\"link_size\":\"small\",\"link_style\":\"default\",\"link_text\":\"Read more\",\"margin\":\"large\",\"meta_align\":\"below-title\",\"meta_element\":\"div\",\"meta_style\":\"text-meta\",\"parallax_easing\":\"1\",\"show_content\":true,\"show_image\":true,\"show_link\":true,\"show_meta\":true,\"show_title\":true,\"text_align\":\"left\",\"text_align_breakpoint\":\"s\",\"text_align_fallback\":\"center\",\"title_align\":\"top\",\"title_element\":\"h2\",\"title_grid_breakpoint\":\"m\",\"title_grid_width\":\"1-2\",\"title_hover_style\":\"reset\",\"title_style\":\"h3\"},\"children\":[{\"type\":\"grid_item\",\"props\":{\"content\":\"SRTVN \\u2013 Setor de Radio TV Norte,<br \/>\\nEd. Bras\\u00edlia Radio Center 1\\u00ba andar \\u2013 sala 1102<br \/>\\nBras\\u00edlia \\u2013 Distrito Federal \\u2013 CEP: 70.719-900\",\"image\":\"wp-content\\\/uploads\\\/yootheme\\\/icon-location.svg\",\"title\":\"Endere\\u00e7o\"}},{\"type\":\"grid_item\",\"props\":{\"content\":\"\n\n<p><br \\\/><a class=\\\"uk-link-text\\\" href=\\\"tel:+5561995117345\\\">+55 (61) 99511-7345<\\\/a><br \\\/><a href=\\\"mailto:contato@kcbdf.com.br\\\">contato@kcbdf.com.br<\\\/a><\\\/p>\",\"image\":\"wp-content\\\/uploads\\\/yootheme\\\/icon-contact.svg\",\"title\":\"Telefones\"}},{\"type\":\"grid_item\",\"props\":{\"content\":\"\n\n<div class=\\\"uk-child-width-expand uk-grid-small\\\" uk-grid=\\\"\\\">\\n\n\n<div>Ter\\u00e7a\\u2009a\\u2009Quinta<\\\/div>\\n\n\n<div>10h\\u2009\\u00e0s\\u200915h30<\\\/div>\\n<\\\/div>\",\"image\":\"wp-content\\\/uploads\\\/yootheme\\\/icon-office-hours.svg\",\"title\":\"Hor\\u00e1rio funcionamento\"}}]}]}],\"props\":{\"column_gap\":\"collapse\",\"margin\":\"large\",\"margin_remove_top\":true,\"row_gap\":\"collapse\",\"width\":\"large\"}},{\"type\":\"row\",\"props\":{\"margin\":\"large\",\"margin_remove_top\":false,\"width\":\"large\"},\"children\":[{\"type\":\"column\",\"props\":{\"image_position\":\"center-center\",\"position_sticky_breakpoint\":\"m\"},\"children\":[{\"type\":\"map\",\"props\":{\"controls\":true,\"dragging\":true,\"height\":\"550\",\"image_svg_color\":\"emphasis\",\"link_style\":\"default\",\"link_text\":\"Read more\",\"margin\":\"default\",\"marker_icon_height\":\"38\",\"marker_icon_width\":\"42\",\"max_zoom\":18,\"meta_align\":\"below-title\",\"meta_element\":\"div\",\"meta_style\":\"text-meta\",\"min_zoom\":0,\"poi\":false,\"show_content\":true,\"show_image\":true,\"show_link\":true,\"show_meta\":true,\"show_title\":true,\"styler_lightness\":\"40\",\"styler_saturation\":\"-100\",\"title_element\":\"h3\",\"title_hover_style\":\"reset\",\"type\":\"roadmap\",\"zoom\":\"15\",\"zooming\":false},\"children\":[{\"type\":\"map_item\",\"props\":{\"location\":\"-15.7841,-47.8886\",\"title\":\"SRTVN\"}}]}]}]}],\"name\":\"Contact\"},{\"type\":\"section\",\"props\":{\"image\":\"wp-content\\\/uploads\\\/2024\\\/09\\\/seja-socio.jpg\",\"image_position\":\"center-center\",\"image_size\":\"cover\",\"image_width\":\"2560\",\"media_overlay\":\"rgba(0, 0, 0, 0.26)\",\"padding\":\"large\",\"style\":\"default\",\"text_color\":\"light\",\"title_breakpoint\":\"xl\",\"title_position\":\"top-left\",\"title_rotation\":\"left\",\"vertical_align\":\"\",\"width\":\"expand\"},\"children\":[{\"type\":\"row\",\"children\":[{\"type\":\"column\",\"props\":{\"image_position\":\"center-center\",\"position_sticky_breakpoint\":\"m\"},\"children\":[{\"type\":\"headline\",\"props\":{\"content\":\"\\u201cO nosso pedigre \\u00e9 o \\u00fanico com reconhecimento internacional no mundo todo.\\u201d\",\"maxwidth\":\"xlarge\",\"position\":\"relative\",\"position_z_index\":\"1\",\"text_align\":\"left\",\"text_align_breakpoint\":\"s\",\"text_align_fallback\":\"center\",\"title_element\":\"h2\",\"title_style\":\"h1\"}},{\"type\":\"text\",\"props\":{\"column_breakpoint\":\"m\",\"content\":\"Veja algumas vantagens que s\\u00e3o exclusivas para os s\\u00f3cios do KCB com anuidade em dia\",\"margin\":\"default\",\"maxwidth\":\"xlarge\",\"position\":\"relative\",\"position_z_index\":\"1\",\"text_align\":\"left\",\"text_align_breakpoint\":\"s\",\"text_align_fallback\":\"center\",\"text_color\":\"emphasis\",\"text_style\":\"lead\"}},{\"type\":\"button\",\"props\":{\"button_size\":\"large\",\"grid_column_gap\":\"small\",\"grid_row_gap\":\"small\",\"margin\":\"medium\",\"position\":\"relative\",\"position_z_index\":\"1\",\"text_align\":\"left\",\"text_align_breakpoint\":\"s\",\"text_align_fallback\":\"center\"},\"children\":[{\"type\":\"button_item\",\"props\":{\"button_style\":\"default\",\"content\":\"Seja S\\u00f3cio\",\"icon_align\":\"left\",\"link\":\"wp-content\\\/uploads\\\/2024\\\/09\\\/proposta-socio.pdf\"}}]}]}],\"props\":{\"width\":\"large\"}}],\"name\":\"Call to Action\"}],\"version\":\"4.4.5\"} --><\/p>\n","protected":false},"excerpt":{"rendered":"<p>fale conosco Contato Estamos localizados no Edif\u00edcio Radio Center no cora\u00e7\u00e3o de Bras\u00edlia Endere\u00e7o SRTVN \u2013 Setor de Radio TV Norte, Ed. Bras\u00edlia Radio Center 1\u00ba andar \u2013 sala 1102 Bras\u00edlia \u2013 Distrito Federal \u2013 CEP: 70.719-900 Telefones +55 (61) 99511-7345contato@kcbdf.com.br Hor\u00e1rio funcionamento Ter\u00e7a\u2009a\u2009Quinta 10h\u2009\u00e0s\u200915h30 -15.7841,-47.8886 SRTVN \u201cO nosso pedigre \u00e9 o \u00fanico com reconhecimento [&hellip;]<\/p>\n","protected":false},"author":1,"featured_media":2071,"parent":0,"menu_order":10,"comment_status":"open","ping_status":"closed","template":"","meta":{"_acf_changed":false,"footnotes":""},"class_list":["post-8","page","type-page","status-publish","has-post-thumbnail","hentry"],"acf":[],"_links":{"self":[{"href":"https:\/\/www.kcbdf.com.br\/novo\/wp-json\/wp\/v2\/pages\/8","targetHints":{"allow":["GET"]}}],"collection":[{"href":"https:\/\/www.kcbdf.com.br\/novo\/wp-json\/wp\/v2\/pages"}],"about":[{"href":"https:\/\/www.kcbdf.com.br\/novo\/wp-json\/wp\/v2\/types\/page"}],"author":[{"embeddable":true,"href":"https:\/\/www.kcbdf.com.br\/novo\/wp-json\/wp\/v2\/users\/1"}],"replies":[{"embeddable":true,"href":"https:\/\/www.kcbdf.com.br\/novo\/wp-json\/wp\/v2\/comments?post=8"}],"version-history":[{"count":5,"href":"https:\/\/www.kcbdf.com.br\/novo\/wp-json\/wp\/v2\/pages\/8\/revisions"}],"predecessor-version":[{"id":3098,"href":"https:\/\/www.kcbdf.com.br\/novo\/wp-json\/wp\/v2\/pages\/8\/revisions\/3098"}],"wp:featuredmedia":[{"embeddable":true,"href":"https:\/\/www.kcbdf.com.br\/novo\/wp-json\/wp\/v2\/media\/2071"}],"wp:attachment":[{"href":"https:\/\/www.kcbdf.com.br\/novo\/wp-json\/wp\/v2\/media?parent=8"}],"curies":[{"name":"wp","href":"https:\/\/api.w.org\/{rel}","templated":true}]}}